{"id":79,"date":"2015-07-24T14:48:00","date_gmt":"2015-07-24T14:48:00","guid":{"rendered":"http:\/\/nuttyscientists.co\/subsite\/?page_id=79"},"modified":"2024-01-31T02:46:37","modified_gmt":"2024-01-31T08:46:37","slug":"privacyterms","status":"publish","type":"page","link":"https:\/\/nuttyscientists.com\/plantilla2024v2\/privacyterms\/","title":{"rendered":"Privacidad"},"content":{"rendered":"<p>Si necesita m\u00e1s informaci\u00f3n o tiene alguna pregunta sobre nuestra pol\u00edtica de privacidad, no dude en ponerse en contacto con nosotros a trav\u00e9s de nuestra <a href=\"\/about-us\/contact-us\/\">p\u00e1gina de contacto<\/a>.<\/p>\n<p>En www.NUTTYSCIENTISTS.com, la privacidad de nuestros visitantes es de extrema importancia para nosotros. En este documento de pol\u00edtica de privacidad se describen los tipos de informaci\u00f3n personal que recibe y recopila www.NUTTYSCIENTISTS.com y c\u00f3mo se utiliza.<\/p>\n<h2>Archivos de registro<\/h2>\n<p>Como muchos otros sitios web, www.NUTTYSCIENTISTS.com utiliza archivos de registro. La informaci\u00f3n contenida en los archivos de registro incluye direcciones de protocolo de Internet (IP), tipo de navegador, proveedor de servicios de Internet (ISP), sello de fecha\/hora, p\u00e1ginas de referencia\/salida y n\u00famero de clics para analizar tendencias, administrar el sitio, rastrear los movimientos del usuario por el sitio y recopilar informaci\u00f3n demogr\u00e1fica. Las direcciones IP y otros datos de este tipo no est\u00e1n vinculados a ninguna informaci\u00f3n que permita la identificaci\u00f3n personal.<\/p>\n<h2>Cookies<\/h2>\n<ul>\n<li>Google, como proveedor asociado, utiliza cookies para publicar anuncios en www.NUTTYSCIENTISTS.com.<\/li>\n<li>El uso de la cookie de DART por parte de Google le permite servir anuncios a los usuarios basados en su visita a www.NUTTYSCIENTISTS.com y otros sitios en Internet.<\/li>\n<li>Los usuarios pueden inhabilitar el uso de la cookie de DART visitando la pol\u00edtica de privacidad de la red de contenido y publicidad de Google en la siguiente URL: https:\/\/www.google.com\/privacy_ads.html<\/li>\n<\/ul>\n<p>Algunos de nuestros socios publicitarios pueden utilizar cookies y balizas web en nuestro sitio. Entre nuestros socios publicitarios se encuentra Google Adsense.<\/p>\n<p>Estos servidores o redes publicitarias de terceros utilizan tecnolog\u00eda para determinar los anuncios y enlaces que aparecen en www.NUTTYSCIENTISTS.com y los env\u00edan directamente a su navegador. Cuando esto ocurre, reciben autom\u00e1ticamente su direcci\u00f3n IP. Otras tecnolog\u00edas (como cookies, JavaScript o Web Beacons) tambi\u00e9n pueden ser utilizadas por las redes publicitarias de terceros para medir la efectividad de sus anuncios y\/o personalizar el contenido publicitario que ves.<\/p>\n<p>www.NUTTYSCIENTISTS.com no tiene acceso ni control sobre estas cookies utilizadas por terceros anunciantes.<\/p>\n<p>Usted debe consultar las respectivas pol\u00edticas de privacidad de estos servidores de anuncios de terceros para obtener informaci\u00f3n m\u00e1s detallada sobre sus pr\u00e1cticas, as\u00ed como para obtener instrucciones sobre c\u00f3mo optar por no determinadas pr\u00e1cticas. pol\u00edtica de privacidad de www.NUTTYSCIENTISTS.com no se aplica a, y no podemos controlar las actividades de estos otros anunciantes o sitios web.<\/p>\n<p>Si desea desactivar las cookies, puede hacerlo a trav\u00e9s de las opciones individuales de su navegador. Puede encontrar informaci\u00f3n m\u00e1s detallada sobre la gesti\u00f3n de cookies con navegadores web espec\u00edficos en los sitios web de los respectivos navegadores.<\/p>\n","protected":false},"excerpt":{"rendered":"Si necesita m\u00e1s informaci\u00f3n o tiene alguna pregunta sobre nuestra pol\u00edtica de privacidad, no dude en ponerse en contacto con nosotros a trav\u00e9s de nuestra p\u00e1gina de contacto. En www.NUTTYSCIENTISTS.com, la privacidad de nuestros visitantes es de extrema importancia para nosotros. En\n <a href=\"https:\/\/nuttyscientists.com\/plantilla2024v2\/privacyterms\/\" class=\"link-more\">Read more<\/a>","protected":false},"author":1,"featured_media":0,"parent":0,"menu_order":0,"comment_status":"open","ping_status":"open","template":"","meta":{"footnotes":""},"class_list":["post-79","page","type-page","status-publish","hentry"],"yoast_head":"<!-- This site is optimized with the Yoast SEO plugin v26.2 - https:\/\/yoast.com\/wordpress\/plugins\/seo\/ -->\n<title>Privacidad - Plantilla 2024 v2<\/title>\n<meta name=\"robots\" content=\"index, follow, max-snippet:-1, max-image-preview:large, max-video-preview:-1\" \/>\n<link rel=\"canonical\" href=\"https:\/\/nuttyscientists.com\/plantilla2024v2\/privacyterms\/\" \/>\n<meta property=\"og:locale\" content=\"es_ES\" \/>\n<meta property=\"og:type\" content=\"article\" \/>\n<meta property=\"og:title\" content=\"Privacidad - Plantilla 2024 v2\" \/>\n<meta property=\"og:description\" content=\"Si necesita m\u00e1s informaci\u00f3n o tiene alguna pregunta sobre nuestra pol\u00edtica de privacidad, no dude en ponerse en contacto con nosotros a trav\u00e9s de nuestra p\u00e1gina de contacto. En www.NUTTYSCIENTISTS.com, la privacidad de nuestros visitantes es de extrema importancia para nosotros. En{{{https:\/\/nuttyscientists.com\/plantilla2024v2\/privacyterms\/}}}\" \/>\n<meta property=\"og:url\" content=\"https:\/\/nuttyscientists.com\/plantilla2024v2\/privacyterms\/\" \/>\n<meta property=\"og:site_name\" content=\"Plantilla 2024 v2\" \/>\n<meta property=\"article:publisher\" content=\"https:\/\/www.facebook.com\/nuttyscientistshudsonvalley\" \/>\n<meta property=\"article:modified_time\" content=\"2024-01-31T08:46:37+00:00\" \/>\n<meta name=\"twitter:card\" content=\"summary_large_image\" \/>\n<meta name=\"twitter:label1\" content=\"Tiempo de lectura\" \/>\n\t<meta name=\"twitter:data1\" content=\"2 minutos\" \/>\n<script type=\"application\/ld+json\" class=\"yoast-schema-graph\">{\"@context\":\"https:\/\/schema.org\",\"@graph\":[{\"@type\":\"WebPage\",\"@id\":\"https:\/\/nuttyscientists.com\/plantilla2024v2\/privacyterms\/\",\"url\":\"https:\/\/nuttyscientists.com\/plantilla2024v2\/privacyterms\/\",\"name\":\"Privacidad - Plantilla 2024 v2\",\"isPartOf\":{\"@id\":\"https:\/\/nuttyscientists.com\/plantilla2024v2\/#website\"},\"datePublished\":\"2015-07-24T14:48:00+00:00\",\"dateModified\":\"2024-01-31T08:46:37+00:00\",\"breadcrumb\":{\"@id\":\"https:\/\/nuttyscientists.com\/plantilla2024v2\/privacyterms\/#breadcrumb\"},\"inLanguage\":\"es\",\"potentialAction\":[{\"@type\":\"ReadAction\",\"target\":[\"https:\/\/nuttyscientists.com\/plantilla2024v2\/privacyterms\/\"]}]},{\"@type\":\"BreadcrumbList\",\"@id\":\"https:\/\/nuttyscientists.com\/plantilla2024v2\/privacyterms\/#breadcrumb\",\"itemListElement\":[{\"@type\":\"ListItem\",\"position\":1,\"name\":\"Home\",\"item\":\"https:\/\/nuttyscientists.com\/plantilla2024v2\/\"},{\"@type\":\"ListItem\",\"position\":2,\"name\":\"Privacidad\"}]},{\"@type\":\"WebSite\",\"@id\":\"https:\/\/nuttyscientists.com\/plantilla2024v2\/#website\",\"url\":\"https:\/\/nuttyscientists.com\/plantilla2024v2\/\",\"name\":\"Plantilla 2024 v2\",\"description\":\"Outreach STEAM programs for kids in the CDMX\",\"publisher\":{\"@id\":\"https:\/\/nuttyscientists.com\/plantilla2024v2\/#organization\"},\"potentialAction\":[{\"@type\":\"SearchAction\",\"target\":{\"@type\":\"EntryPoint\",\"urlTemplate\":\"https:\/\/nuttyscientists.com\/plantilla2024v2\/?s={search_term_string}\"},\"query-input\":{\"@type\":\"PropertyValueSpecification\",\"valueRequired\":true,\"valueName\":\"search_term_string\"}}],\"inLanguage\":\"es\"},{\"@type\":\"Organization\",\"@id\":\"https:\/\/nuttyscientists.com\/plantilla2024v2\/#organization\",\"name\":\"Plantilla 2024 v2\",\"url\":\"https:\/\/nuttyscientists.com\/plantilla2024v2\/\",\"logo\":{\"@type\":\"ImageObject\",\"inLanguage\":\"es\",\"@id\":\"https:\/\/nuttyscientists.com\/plantilla2024v2\/#\/schema\/logo\/image\/\",\"url\":\"https:\/\/nuttyscientists.com\/plantilla2024v2\/wp-content\/uploads\/sites\/42\/2023\/03\/logosnutty-03.png\",\"contentUrl\":\"https:\/\/nuttyscientists.com\/plantilla2024v2\/wp-content\/uploads\/sites\/42\/2023\/03\/logosnutty-03.png\",\"width\":1754,\"height\":1742,\"caption\":\"Plantilla 2024 v2\"},\"image\":{\"@id\":\"https:\/\/nuttyscientists.com\/plantilla2024v2\/#\/schema\/logo\/image\/\"},\"sameAs\":[\"https:\/\/www.facebook.com\/nuttyscientistshudsonvalley\"]}]}<\/script>\n<!-- \/ Yoast SEO plugin. -->","yoast_head_json":{"title":"Privacidad - Plantilla 2024 v2","robots":{"index":"index","follow":"follow","max-snippet":"max-snippet:-1","max-image-preview":"max-image-preview:large","max-video-preview":"max-video-preview:-1"},"canonical":"https:\/\/nuttyscientists.com\/plantilla2024v2\/privacyterms\/","og_locale":"es_ES","og_type":"article","og_title":"Privacidad - Plantilla 2024 v2","og_description":"Si necesita m\u00e1s informaci\u00f3n o tiene alguna pregunta sobre nuestra pol\u00edtica de privacidad, no dude en ponerse en contacto con nosotros a trav\u00e9s de nuestra p\u00e1gina de contacto. En www.NUTTYSCIENTISTS.com, la privacidad de nuestros visitantes es de extrema importancia para nosotros. En{{{https:\/\/nuttyscientists.com\/plantilla2024v2\/privacyterms\/}}}","og_url":"https:\/\/nuttyscientists.com\/plantilla2024v2\/privacyterms\/","og_site_name":"Plantilla 2024 v2","article_publisher":"https:\/\/www.facebook.com\/nuttyscientistshudsonvalley","article_modified_time":"2024-01-31T08:46:37+00:00","twitter_card":"summary_large_image","twitter_misc":{"Tiempo de lectura":"2 minutos"},"schema":{"@context":"https:\/\/schema.org","@graph":[{"@type":"WebPage","@id":"https:\/\/nuttyscientists.com\/plantilla2024v2\/privacyterms\/","url":"https:\/\/nuttyscientists.com\/plantilla2024v2\/privacyterms\/","name":"Privacidad - Plantilla 2024 v2","isPartOf":{"@id":"https:\/\/nuttyscientists.com\/plantilla2024v2\/#website"},"datePublished":"2015-07-24T14:48:00+00:00","dateModified":"2024-01-31T08:46:37+00:00","breadcrumb":{"@id":"https:\/\/nuttyscientists.com\/plantilla2024v2\/privacyterms\/#breadcrumb"},"inLanguage":"es","potentialAction":[{"@type":"ReadAction","target":["https:\/\/nuttyscientists.com\/plantilla2024v2\/privacyterms\/"]}]},{"@type":"BreadcrumbList","@id":"https:\/\/nuttyscientists.com\/plantilla2024v2\/privacyterms\/#breadcrumb","itemListElement":[{"@type":"ListItem","position":1,"name":"Home","item":"https:\/\/nuttyscientists.com\/plantilla2024v2\/"},{"@type":"ListItem","position":2,"name":"Privacidad"}]},{"@type":"WebSite","@id":"https:\/\/nuttyscientists.com\/plantilla2024v2\/#website","url":"https:\/\/nuttyscientists.com\/plantilla2024v2\/","name":"Plantilla 2024 v2","description":"Outreach STEAM programs for kids in the CDMX","publisher":{"@id":"https:\/\/nuttyscientists.com\/plantilla2024v2\/#organization"},"potentialAction":[{"@type":"SearchAction","target":{"@type":"EntryPoint","urlTemplate":"https:\/\/nuttyscientists.com\/plantilla2024v2\/?s={search_term_string}"},"query-input":{"@type":"PropertyValueSpecification","valueRequired":true,"valueName":"search_term_string"}}],"inLanguage":"es"},{"@type":"Organization","@id":"https:\/\/nuttyscientists.com\/plantilla2024v2\/#organization","name":"Plantilla 2024 v2","url":"https:\/\/nuttyscientists.com\/plantilla2024v2\/","logo":{"@type":"ImageObject","inLanguage":"es","@id":"https:\/\/nuttyscientists.com\/plantilla2024v2\/#\/schema\/logo\/image\/","url":"https:\/\/nuttyscientists.com\/plantilla2024v2\/wp-content\/uploads\/sites\/42\/2023\/03\/logosnutty-03.png","contentUrl":"https:\/\/nuttyscientists.com\/plantilla2024v2\/wp-content\/uploads\/sites\/42\/2023\/03\/logosnutty-03.png","width":1754,"height":1742,"caption":"Plantilla 2024 v2"},"image":{"@id":"https:\/\/nuttyscientists.com\/plantilla2024v2\/#\/schema\/logo\/image\/"},"sameAs":["https:\/\/www.facebook.com\/nuttyscientistshudsonvalley"]}]}},"aioseo_notices":[],"_links":{"self":[{"href":"https:\/\/nuttyscientists.com\/plantilla2024v2\/wp-json\/wp\/v2\/pages\/79","targetHints":{"allow":["GET"]}}],"collection":[{"href":"https:\/\/nuttyscientists.com\/plantilla2024v2\/wp-json\/wp\/v2\/pages"}],"about":[{"href":"https:\/\/nuttyscientists.com\/plantilla2024v2\/wp-json\/wp\/v2\/types\/page"}],"author":[{"embeddable":true,"href":"https:\/\/nuttyscientists.com\/plantilla2024v2\/wp-json\/wp\/v2\/users\/1"}],"replies":[{"embeddable":true,"href":"https:\/\/nuttyscientists.com\/plantilla2024v2\/wp-json\/wp\/v2\/comments?post=79"}],"version-history":[{"count":0,"href":"https:\/\/nuttyscientists.com\/plantilla2024v2\/wp-json\/wp\/v2\/pages\/79\/revisions"}],"wp:attachment":[{"href":"https:\/\/nuttyscientists.com\/plantilla2024v2\/wp-json\/wp\/v2\/media?parent=79"}],"curies":[{"name":"wp","href":"https:\/\/api.w.org\/{rel}","templated":true}]}}