{"id":7,"date":"2015-07-24T11:57:56","date_gmt":"2015-07-24T11:57:56","guid":{"rendered":"http:\/\/nuttyscientists.co\/subsite\/?page_id=7"},"modified":"2024-02-14T03:44:18","modified_gmt":"2024-02-14T09:44:18","slug":"our-programs-events","status":"publish","type":"page","link":"https:\/\/nuttyscientists.com\/plantilla2024v2\/our-programs-events\/","title":{"rendered":"Nuestros programas y eventos"},"content":{"rendered":"<p>Nutty Scientists ofrece una forma \u00fanica e interactiva de que los ni\u00f1os de 3 a 16 a\u00f1os aprendan conceptos cient\u00edficos clave. Contamos con un n\u00famero cada vez mayor de programas propios en CDMX dise\u00f1ados para despertar la imaginaci\u00f3n, estimulando el inter\u00e9s por la ciencia y el medio ambiente a una edad temprana. Cuando los ni\u00f1os pueden establecer claramente una conexi\u00f3n con el mundo que les rodea, desarrollan una base s\u00f3lida para el aprendizaje futuro.<\/p>\n<p>Ya sea en la escuela, despu\u00e9s de la escuela, durante el verano o en la fiesta de un amigo, los programas de Nutty Scientists est\u00e1n dise\u00f1ados en una variedad de formatos convenientes para casi todas las ocasiones y ubicaciones en CDMX. No olvides los eventos corporativos y de concientizaci\u00f3n a gran escala, \u00a1lo hacemos todo!<\/p>\n","protected":false},"excerpt":{"rendered":"Nutty Scientists ofrece una forma \u00fanica e interactiva de que los ni\u00f1os de 3 a 16 a\u00f1os aprendan conceptos cient\u00edficos clave. Contamos con un n\u00famero cada vez mayor de programas propios en CDMX dise\u00f1ados para despertar la imaginaci\u00f3n, estimulando el inter\u00e9s por\n <a href=\"https:\/\/nuttyscientists.com\/plantilla2024v2\/our-programs-events\/\" class=\"link-more\">Read more<\/a>","protected":false},"author":1,"featured_media":109,"parent":0,"menu_order":0,"comment_status":"open","ping_status":"open","template":"templates\/programs.php","meta":{"footnotes":""},"class_list":["post-7","page","type-page","status-publish","has-post-thumbnail","hentry"],"yoast_head":"<!-- This site is optimized with the Yoast SEO plugin v26.2 - https:\/\/yoast.com\/wordpress\/plugins\/seo\/ -->\n<title>Nuestros programas y eventos - Plantilla 2024 v2<\/title>\n<meta name=\"robots\" content=\"index, follow, max-snippet:-1, max-image-preview:large, max-video-preview:-1\" \/>\n<link rel=\"canonical\" href=\"https:\/\/nuttyscientists.com\/plantilla2024v2\/our-programs-events\/\" \/>\n<meta property=\"og:locale\" content=\"es_ES\" \/>\n<meta property=\"og:type\" content=\"article\" \/>\n<meta property=\"og:title\" content=\"Nuestros programas y eventos - Plantilla 2024 v2\" \/>\n<meta property=\"og:description\" content=\"Nutty Scientists ofrece una forma \u00fanica e interactiva de que los ni\u00f1os de 3 a 16 a\u00f1os aprendan conceptos cient\u00edficos clave. Contamos con un n\u00famero cada vez mayor de programas propios en CDMX dise\u00f1ados para despertar la imaginaci\u00f3n, estimulando el inter\u00e9s por{{{https:\/\/nuttyscientists.com\/plantilla2024v2\/our-programs-events\/}}}\" \/>\n<meta property=\"og:url\" content=\"https:\/\/nuttyscientists.com\/plantilla2024v2\/our-programs-events\/\" \/>\n<meta property=\"og:site_name\" content=\"Plantilla 2024 v2\" \/>\n<meta property=\"article:publisher\" content=\"https:\/\/www.facebook.com\/nuttyscientistshudsonvalley\" \/>\n<meta property=\"article:modified_time\" content=\"2024-02-14T09:44:18+00:00\" \/>\n<meta property=\"og:image\" content=\"https:\/\/nuttyscientists.com\/plantilla2024v2\/wp-content\/uploads\/sites\/42\/2015\/07\/featured-image-1.jpg\" \/>\n\t<meta property=\"og:image:width\" content=\"1400\" \/>\n\t<meta property=\"og:image:height\" content=\"435\" \/>\n\t<meta property=\"og:image:type\" content=\"image\/jpeg\" \/>\n<meta name=\"twitter:card\" content=\"summary_large_image\" \/>\n<meta name=\"twitter:label1\" content=\"Tiempo de lectura\" \/>\n\t<meta name=\"twitter:data1\" content=\"1 minuto\" \/>\n<script type=\"application\/ld+json\" class=\"yoast-schema-graph\">{\"@context\":\"https:\/\/schema.org\",\"@graph\":[{\"@type\":\"WebPage\",\"@id\":\"https:\/\/nuttyscientists.com\/plantilla2024v2\/our-programs-events\/\",\"url\":\"https:\/\/nuttyscientists.com\/plantilla2024v2\/our-programs-events\/\",\"name\":\"Nuestros programas y eventos - Plantilla 2024 v2\",\"isPartOf\":{\"@id\":\"https:\/\/nuttyscientists.com\/plantilla2024v2\/#website\"},\"primaryImageOfPage\":{\"@id\":\"https:\/\/nuttyscientists.com\/plantilla2024v2\/our-programs-events\/#primaryimage\"},\"image\":{\"@id\":\"https:\/\/nuttyscientists.com\/plantilla2024v2\/our-programs-events\/#primaryimage\"},\"thumbnailUrl\":\"https:\/\/nuttyscientists.com\/plantilla2024v2\/wp-content\/uploads\/sites\/42\/2015\/07\/featured-image-1.jpg\",\"datePublished\":\"2015-07-24T11:57:56+00:00\",\"dateModified\":\"2024-02-14T09:44:18+00:00\",\"breadcrumb\":{\"@id\":\"https:\/\/nuttyscientists.com\/plantilla2024v2\/our-programs-events\/#breadcrumb\"},\"inLanguage\":\"es\",\"potentialAction\":[{\"@type\":\"ReadAction\",\"target\":[\"https:\/\/nuttyscientists.com\/plantilla2024v2\/our-programs-events\/\"]}]},{\"@type\":\"ImageObject\",\"inLanguage\":\"es\",\"@id\":\"https:\/\/nuttyscientists.com\/plantilla2024v2\/our-programs-events\/#primaryimage\",\"url\":\"https:\/\/nuttyscientists.com\/plantilla2024v2\/wp-content\/uploads\/sites\/42\/2015\/07\/featured-image-1.jpg\",\"contentUrl\":\"https:\/\/nuttyscientists.com\/plantilla2024v2\/wp-content\/uploads\/sites\/42\/2015\/07\/featured-image-1.jpg\",\"width\":1400,\"height\":435},{\"@type\":\"BreadcrumbList\",\"@id\":\"https:\/\/nuttyscientists.com\/plantilla2024v2\/our-programs-events\/#breadcrumb\",\"itemListElement\":[{\"@type\":\"ListItem\",\"position\":1,\"name\":\"Home\",\"item\":\"https:\/\/nuttyscientists.com\/plantilla2024v2\/\"},{\"@type\":\"ListItem\",\"position\":2,\"name\":\"Nuestros programas y eventos\"}]},{\"@type\":\"WebSite\",\"@id\":\"https:\/\/nuttyscientists.com\/plantilla2024v2\/#website\",\"url\":\"https:\/\/nuttyscientists.com\/plantilla2024v2\/\",\"name\":\"Plantilla 2024 v2\",\"description\":\"Outreach STEAM programs for kids in the CDMX\",\"publisher\":{\"@id\":\"https:\/\/nuttyscientists.com\/plantilla2024v2\/#organization\"},\"potentialAction\":[{\"@type\":\"SearchAction\",\"target\":{\"@type\":\"EntryPoint\",\"urlTemplate\":\"https:\/\/nuttyscientists.com\/plantilla2024v2\/?s={search_term_string}\"},\"query-input\":{\"@type\":\"PropertyValueSpecification\",\"valueRequired\":true,\"valueName\":\"search_term_string\"}}],\"inLanguage\":\"es\"},{\"@type\":\"Organization\",\"@id\":\"https:\/\/nuttyscientists.com\/plantilla2024v2\/#organization\",\"name\":\"Plantilla 2024 v2\",\"url\":\"https:\/\/nuttyscientists.com\/plantilla2024v2\/\",\"logo\":{\"@type\":\"ImageObject\",\"inLanguage\":\"es\",\"@id\":\"https:\/\/nuttyscientists.com\/plantilla2024v2\/#\/schema\/logo\/image\/\",\"url\":\"https:\/\/nuttyscientists.com\/plantilla2024v2\/wp-content\/uploads\/sites\/42\/2023\/03\/logosnutty-03.png\",\"contentUrl\":\"https:\/\/nuttyscientists.com\/plantilla2024v2\/wp-content\/uploads\/sites\/42\/2023\/03\/logosnutty-03.png\",\"width\":1754,\"height\":1742,\"caption\":\"Plantilla 2024 v2\"},\"image\":{\"@id\":\"https:\/\/nuttyscientists.com\/plantilla2024v2\/#\/schema\/logo\/image\/\"},\"sameAs\":[\"https:\/\/www.facebook.com\/nuttyscientistshudsonvalley\"]}]}<\/script>\n<!-- \/ Yoast SEO plugin. -->","yoast_head_json":{"title":"Nuestros programas y eventos - Plantilla 2024 v2","robots":{"index":"index","follow":"follow","max-snippet":"max-snippet:-1","max-image-preview":"max-image-preview:large","max-video-preview":"max-video-preview:-1"},"canonical":"https:\/\/nuttyscientists.com\/plantilla2024v2\/our-programs-events\/","og_locale":"es_ES","og_type":"article","og_title":"Nuestros programas y eventos - Plantilla 2024 v2","og_description":"Nutty Scientists ofrece una forma \u00fanica e interactiva de que los ni\u00f1os de 3 a 16 a\u00f1os aprendan conceptos cient\u00edficos clave. Contamos con un n\u00famero cada vez mayor de programas propios en CDMX dise\u00f1ados para despertar la imaginaci\u00f3n, estimulando el inter\u00e9s por{{{https:\/\/nuttyscientists.com\/plantilla2024v2\/our-programs-events\/}}}","og_url":"https:\/\/nuttyscientists.com\/plantilla2024v2\/our-programs-events\/","og_site_name":"Plantilla 2024 v2","article_publisher":"https:\/\/www.facebook.com\/nuttyscientistshudsonvalley","article_modified_time":"2024-02-14T09:44:18+00:00","og_image":[{"width":1400,"height":435,"url":"https:\/\/nuttyscientists.com\/plantilla2024v2\/wp-content\/uploads\/sites\/42\/2015\/07\/featured-image-1.jpg","type":"image\/jpeg"}],"twitter_card":"summary_large_image","twitter_misc":{"Tiempo de lectura":"1 minuto"},"schema":{"@context":"https:\/\/schema.org","@graph":[{"@type":"WebPage","@id":"https:\/\/nuttyscientists.com\/plantilla2024v2\/our-programs-events\/","url":"https:\/\/nuttyscientists.com\/plantilla2024v2\/our-programs-events\/","name":"Nuestros programas y eventos - Plantilla 2024 v2","isPartOf":{"@id":"https:\/\/nuttyscientists.com\/plantilla2024v2\/#website"},"primaryImageOfPage":{"@id":"https:\/\/nuttyscientists.com\/plantilla2024v2\/our-programs-events\/#primaryimage"},"image":{"@id":"https:\/\/nuttyscientists.com\/plantilla2024v2\/our-programs-events\/#primaryimage"},"thumbnailUrl":"https:\/\/nuttyscientists.com\/plantilla2024v2\/wp-content\/uploads\/sites\/42\/2015\/07\/featured-image-1.jpg","datePublished":"2015-07-24T11:57:56+00:00","dateModified":"2024-02-14T09:44:18+00:00","breadcrumb":{"@id":"https:\/\/nuttyscientists.com\/plantilla2024v2\/our-programs-events\/#breadcrumb"},"inLanguage":"es","potentialAction":[{"@type":"ReadAction","target":["https:\/\/nuttyscientists.com\/plantilla2024v2\/our-programs-events\/"]}]},{"@type":"ImageObject","inLanguage":"es","@id":"https:\/\/nuttyscientists.com\/plantilla2024v2\/our-programs-events\/#primaryimage","url":"https:\/\/nuttyscientists.com\/plantilla2024v2\/wp-content\/uploads\/sites\/42\/2015\/07\/featured-image-1.jpg","contentUrl":"https:\/\/nuttyscientists.com\/plantilla2024v2\/wp-content\/uploads\/sites\/42\/2015\/07\/featured-image-1.jpg","width":1400,"height":435},{"@type":"BreadcrumbList","@id":"https:\/\/nuttyscientists.com\/plantilla2024v2\/our-programs-events\/#breadcrumb","itemListElement":[{"@type":"ListItem","position":1,"name":"Home","item":"https:\/\/nuttyscientists.com\/plantilla2024v2\/"},{"@type":"ListItem","position":2,"name":"Nuestros programas y eventos"}]},{"@type":"WebSite","@id":"https:\/\/nuttyscientists.com\/plantilla2024v2\/#website","url":"https:\/\/nuttyscientists.com\/plantilla2024v2\/","name":"Plantilla 2024 v2","description":"Outreach STEAM programs for kids in the CDMX","publisher":{"@id":"https:\/\/nuttyscientists.com\/plantilla2024v2\/#organization"},"potentialAction":[{"@type":"SearchAction","target":{"@type":"EntryPoint","urlTemplate":"https:\/\/nuttyscientists.com\/plantilla2024v2\/?s={search_term_string}"},"query-input":{"@type":"PropertyValueSpecification","valueRequired":true,"valueName":"search_term_string"}}],"inLanguage":"es"},{"@type":"Organization","@id":"https:\/\/nuttyscientists.com\/plantilla2024v2\/#organization","name":"Plantilla 2024 v2","url":"https:\/\/nuttyscientists.com\/plantilla2024v2\/","logo":{"@type":"ImageObject","inLanguage":"es","@id":"https:\/\/nuttyscientists.com\/plantilla2024v2\/#\/schema\/logo\/image\/","url":"https:\/\/nuttyscientists.com\/plantilla2024v2\/wp-content\/uploads\/sites\/42\/2023\/03\/logosnutty-03.png","contentUrl":"https:\/\/nuttyscientists.com\/plantilla2024v2\/wp-content\/uploads\/sites\/42\/2023\/03\/logosnutty-03.png","width":1754,"height":1742,"caption":"Plantilla 2024 v2"},"image":{"@id":"https:\/\/nuttyscientists.com\/plantilla2024v2\/#\/schema\/logo\/image\/"},"sameAs":["https:\/\/www.facebook.com\/nuttyscientistshudsonvalley"]}]}},"aioseo_notices":[],"_links":{"self":[{"href":"https:\/\/nuttyscientists.com\/plantilla2024v2\/wp-json\/wp\/v2\/pages\/7","targetHints":{"allow":["GET"]}}],"collection":[{"href":"https:\/\/nuttyscientists.com\/plantilla2024v2\/wp-json\/wp\/v2\/pages"}],"about":[{"href":"https:\/\/nuttyscientists.com\/plantilla2024v2\/wp-json\/wp\/v2\/types\/page"}],"author":[{"embeddable":true,"href":"https:\/\/nuttyscientists.com\/plantilla2024v2\/wp-json\/wp\/v2\/users\/1"}],"replies":[{"embeddable":true,"href":"https:\/\/nuttyscientists.com\/plantilla2024v2\/wp-json\/wp\/v2\/comments?post=7"}],"version-history":[{"count":0,"href":"https:\/\/nuttyscientists.com\/plantilla2024v2\/wp-json\/wp\/v2\/pages\/7\/revisions"}],"wp:featuredmedia":[{"embeddable":true,"href":"https:\/\/nuttyscientists.com\/plantilla2024v2\/wp-json\/wp\/v2\/media\/109"}],"wp:attachment":[{"href":"https:\/\/nuttyscientists.com\/plantilla2024v2\/wp-json\/wp\/v2\/media?parent=7"}],"curies":[{"name":"wp","href":"https:\/\/api.w.org\/{rel}","templated":true}]}}