{"id":25,"date":"2015-07-24T11:59:37","date_gmt":"2015-07-24T11:59:37","guid":{"rendered":"http:\/\/nuttyscientists.co\/subsite\/?page_id=25"},"modified":"2024-02-14T04:42:30","modified_gmt":"2024-02-14T10:42:30","slug":"celebrations-parties","status":"publish","type":"page","link":"https:\/\/nuttyscientists.com\/plantilla2024v2\/our-programs-events\/celebrations-parties\/","title":{"rendered":"Celebraciones y fiestas"},"content":{"rendered":"<p><img decoding=\"async\" class=\"alignright\" style=\"padding-bottom: 20px;\" src=\"\/cdmx\/wp-content\/uploads\/sites\/42\/2015\/08\/article-image-12.jpg\" alt=\"Celebraciones y fiestas Nutty Scientists\" \/>Nutty Scientists ofrece espect\u00e1culos cient\u00edficos como servicio de entretenimiento para fiestas y celebraciones en CDMX. Olv\u00eddese de los payasos y superh\u00e9roes, \u00a1ofrezca a sus invitados una actividad emocionante y participativa que les ense\u00f1ar\u00e1 algo valioso! La combinaci\u00f3n de diversi\u00f3n, teatro y educaci\u00f3n hacen de estos espect\u00e1culos una experiencia inolvidable para todos los ni\u00f1os.<\/p>\n\t\t\t<div class=\"colored-container\" style=\"background-color: #f05523;\" >\r\n\t\t\t\t\t\t\t\t\t<h2><span>Objetivos de la fiesta y celebraci\u00f3n<\/span><\/h2>\r\n\t\t\t\t\r\n\t\t\t\t<ol>\n<li>Diversi\u00f3n total para el protagonista y sus amigos, pero aportando valor a cada actuaci\u00f3n.<\/li>\n<li>Fomentamos la experimentaci\u00f3n y la participaci\u00f3n en un entorno muy divertido, atractivo y emocionante.<\/li>\n<li>Este enfoque l\u00fadico sigue pretendiendo ofrecer una experiencia pr\u00e1ctica centrada en el ni\u00f1o, que permita que el ni\u00f1o adem\u00e1s de pasar un rato estupendo, aprenda sin darse cuenta.<\/li>\n<\/ol>\n\t\t\t<\/div>\r\n\t\t\n\t\t\t<div class=\"colored-container\" style=\"background-color: #0091d1;\" >\r\n\t\t\t\t\t\t\t\t\t<h2><span>\u00bfQu\u00e9 puede esperar?<\/span><\/h2>\r\n\t\t\t\t\r\n\t\t\t\t<p>Puede esperar que nuestros profesionales de Nutty Scientists adapten el servicio, la duraci\u00f3n y el tema a sus necesidades exactas, lo que lo convierte en una opci\u00f3n pr\u00e1ctica y fiable para todo tipo de ocasiones, por ejemplo, bodas (para entretener a los ni\u00f1os de los invitados), cumplea\u00f1os, comuniones, Bar y Bat Mitzvahs, aniversarios, etc.<\/p>\n\t\t\t<\/div>\r\n\t\t\n<p>&nbsp;<\/p>\n","protected":false},"excerpt":{"rendered":"Nutty Scientists ofrece espect\u00e1culos cient\u00edficos como servicio de entretenimiento para fiestas y celebraciones en CDMX. Olv\u00eddese de los payasos y superh\u00e9roes, \u00a1ofrezca a sus invitados una actividad emocionante y participativa que les ense\u00f1ar\u00e1 algo valioso! La combinaci\u00f3n de diversi\u00f3n, teatro y educaci\u00f3n\n <a href=\"https:\/\/nuttyscientists.com\/plantilla2024v2\/our-programs-events\/celebrations-parties\/\" class=\"link-more\">Read more<\/a>","protected":false},"author":1,"featured_media":215,"parent":7,"menu_order":5,"comment_status":"open","ping_status":"open","template":"","meta":{"footnotes":""},"class_list":["post-25","page","type-page","status-publish","has-post-thumbnail","hentry"],"yoast_head":"<!-- This site is optimized with the Yoast SEO plugin v26.2 - https:\/\/yoast.com\/wordpress\/plugins\/seo\/ -->\n<title>Celebraciones y fiestas - Plantilla 2024 v2<\/title>\n<meta name=\"description\" content=\"Nutty Scientists Hudson Valley offers scientific shows as entertainment for birthday parties and celebrations. Exciting, fun activities they won&#039;t forget!\" \/>\n<meta name=\"robots\" content=\"index, follow, max-snippet:-1, max-image-preview:large, max-video-preview:-1\" \/>\n<link rel=\"canonical\" href=\"https:\/\/nuttyscientists.com\/plantilla2024v2\/our-programs-events\/celebrations-parties\/\" \/>\n<meta property=\"og:locale\" content=\"es_ES\" \/>\n<meta property=\"og:type\" content=\"article\" \/>\n<meta property=\"og:title\" content=\"Celebraciones y fiestas - Plantilla 2024 v2\" \/>\n<meta property=\"og:description\" content=\"Nutty Scientists Hudson Valley offers scientific shows as entertainment for birthday parties and celebrations. Exciting, fun activities they won&#039;t forget!\" \/>\n<meta property=\"og:url\" content=\"https:\/\/nuttyscientists.com\/plantilla2024v2\/our-programs-events\/celebrations-parties\/\" \/>\n<meta property=\"og:site_name\" content=\"Plantilla 2024 v2\" \/>\n<meta property=\"article:publisher\" content=\"https:\/\/www.facebook.com\/nuttyscientistshudsonvalley\" \/>\n<meta property=\"article:modified_time\" content=\"2024-02-14T10:42:30+00:00\" \/>\n<meta property=\"og:image\" content=\"https:\/\/nuttyscientists.com\/plantilla2024v2\/wp-content\/uploads\/sites\/42\/2015\/07\/featured-image-10.jpg\" \/>\n\t<meta property=\"og:image:width\" content=\"1400\" \/>\n\t<meta property=\"og:image:height\" content=\"435\" \/>\n\t<meta property=\"og:image:type\" content=\"image\/jpeg\" \/>\n<meta name=\"twitter:card\" content=\"summary_large_image\" \/>\n<meta name=\"twitter:label1\" content=\"Tiempo de lectura\" \/>\n\t<meta name=\"twitter:data1\" content=\"2 minutos\" \/>\n<script type=\"application\/ld+json\" class=\"yoast-schema-graph\">{\"@context\":\"https:\/\/schema.org\",\"@graph\":[{\"@type\":\"WebPage\",\"@id\":\"https:\/\/nuttyscientists.com\/plantilla2024v2\/our-programs-events\/celebrations-parties\/\",\"url\":\"https:\/\/nuttyscientists.com\/plantilla2024v2\/our-programs-events\/celebrations-parties\/\",\"name\":\"Celebraciones y fiestas - Plantilla 2024 v2\",\"isPartOf\":{\"@id\":\"https:\/\/nuttyscientists.com\/plantilla2024v2\/#website\"},\"primaryImageOfPage\":{\"@id\":\"https:\/\/nuttyscientists.com\/plantilla2024v2\/our-programs-events\/celebrations-parties\/#primaryimage\"},\"image\":{\"@id\":\"https:\/\/nuttyscientists.com\/plantilla2024v2\/our-programs-events\/celebrations-parties\/#primaryimage\"},\"thumbnailUrl\":\"https:\/\/nuttyscientists.com\/plantilla2024v2\/wp-content\/uploads\/sites\/42\/2015\/07\/featured-image-10.jpg\",\"datePublished\":\"2015-07-24T11:59:37+00:00\",\"dateModified\":\"2024-02-14T10:42:30+00:00\",\"description\":\"Nutty Scientists Hudson Valley offers scientific shows as entertainment for birthday parties and celebrations. Exciting, fun activities they won't forget!\",\"breadcrumb\":{\"@id\":\"https:\/\/nuttyscientists.com\/plantilla2024v2\/our-programs-events\/celebrations-parties\/#breadcrumb\"},\"inLanguage\":\"es\",\"potentialAction\":[{\"@type\":\"ReadAction\",\"target\":[\"https:\/\/nuttyscientists.com\/plantilla2024v2\/our-programs-events\/celebrations-parties\/\"]}]},{\"@type\":\"ImageObject\",\"inLanguage\":\"es\",\"@id\":\"https:\/\/nuttyscientists.com\/plantilla2024v2\/our-programs-events\/celebrations-parties\/#primaryimage\",\"url\":\"https:\/\/nuttyscientists.com\/plantilla2024v2\/wp-content\/uploads\/sites\/42\/2015\/07\/featured-image-10.jpg\",\"contentUrl\":\"https:\/\/nuttyscientists.com\/plantilla2024v2\/wp-content\/uploads\/sites\/42\/2015\/07\/featured-image-10.jpg\",\"width\":1400,\"height\":435},{\"@type\":\"BreadcrumbList\",\"@id\":\"https:\/\/nuttyscientists.com\/plantilla2024v2\/our-programs-events\/celebrations-parties\/#breadcrumb\",\"itemListElement\":[{\"@type\":\"ListItem\",\"position\":1,\"name\":\"Home\",\"item\":\"https:\/\/nuttyscientists.com\/plantilla2024v2\/\"},{\"@type\":\"ListItem\",\"position\":2,\"name\":\"Nuestros programas y eventos\",\"item\":\"https:\/\/nuttyscientists.com\/plantilla2024v2\/our-programs-events\/\"},{\"@type\":\"ListItem\",\"position\":3,\"name\":\"Celebraciones y fiestas\"}]},{\"@type\":\"WebSite\",\"@id\":\"https:\/\/nuttyscientists.com\/plantilla2024v2\/#website\",\"url\":\"https:\/\/nuttyscientists.com\/plantilla2024v2\/\",\"name\":\"Plantilla 2024 v2\",\"description\":\"Outreach STEAM programs for kids in the CDMX\",\"publisher\":{\"@id\":\"https:\/\/nuttyscientists.com\/plantilla2024v2\/#organization\"},\"potentialAction\":[{\"@type\":\"SearchAction\",\"target\":{\"@type\":\"EntryPoint\",\"urlTemplate\":\"https:\/\/nuttyscientists.com\/plantilla2024v2\/?s={search_term_string}\"},\"query-input\":{\"@type\":\"PropertyValueSpecification\",\"valueRequired\":true,\"valueName\":\"search_term_string\"}}],\"inLanguage\":\"es\"},{\"@type\":\"Organization\",\"@id\":\"https:\/\/nuttyscientists.com\/plantilla2024v2\/#organization\",\"name\":\"Plantilla 2024 v2\",\"url\":\"https:\/\/nuttyscientists.com\/plantilla2024v2\/\",\"logo\":{\"@type\":\"ImageObject\",\"inLanguage\":\"es\",\"@id\":\"https:\/\/nuttyscientists.com\/plantilla2024v2\/#\/schema\/logo\/image\/\",\"url\":\"https:\/\/nuttyscientists.com\/plantilla2024v2\/wp-content\/uploads\/sites\/42\/2023\/03\/logosnutty-03.png\",\"contentUrl\":\"https:\/\/nuttyscientists.com\/plantilla2024v2\/wp-content\/uploads\/sites\/42\/2023\/03\/logosnutty-03.png\",\"width\":1754,\"height\":1742,\"caption\":\"Plantilla 2024 v2\"},\"image\":{\"@id\":\"https:\/\/nuttyscientists.com\/plantilla2024v2\/#\/schema\/logo\/image\/\"},\"sameAs\":[\"https:\/\/www.facebook.com\/nuttyscientistshudsonvalley\"]}]}<\/script>\n<!-- \/ Yoast SEO plugin. -->","yoast_head_json":{"title":"Celebraciones y fiestas - Plantilla 2024 v2","description":"Nutty Scientists Hudson Valley offers scientific shows as entertainment for birthday parties and celebrations. Exciting, fun activities they won't forget!","robots":{"index":"index","follow":"follow","max-snippet":"max-snippet:-1","max-image-preview":"max-image-preview:large","max-video-preview":"max-video-preview:-1"},"canonical":"https:\/\/nuttyscientists.com\/plantilla2024v2\/our-programs-events\/celebrations-parties\/","og_locale":"es_ES","og_type":"article","og_title":"Celebraciones y fiestas - Plantilla 2024 v2","og_description":"Nutty Scientists Hudson Valley offers scientific shows as entertainment for birthday parties and celebrations. Exciting, fun activities they won't forget!","og_url":"https:\/\/nuttyscientists.com\/plantilla2024v2\/our-programs-events\/celebrations-parties\/","og_site_name":"Plantilla 2024 v2","article_publisher":"https:\/\/www.facebook.com\/nuttyscientistshudsonvalley","article_modified_time":"2024-02-14T10:42:30+00:00","og_image":[{"width":1400,"height":435,"url":"https:\/\/nuttyscientists.com\/plantilla2024v2\/wp-content\/uploads\/sites\/42\/2015\/07\/featured-image-10.jpg","type":"image\/jpeg"}],"twitter_card":"summary_large_image","twitter_misc":{"Tiempo de lectura":"2 minutos"},"schema":{"@context":"https:\/\/schema.org","@graph":[{"@type":"WebPage","@id":"https:\/\/nuttyscientists.com\/plantilla2024v2\/our-programs-events\/celebrations-parties\/","url":"https:\/\/nuttyscientists.com\/plantilla2024v2\/our-programs-events\/celebrations-parties\/","name":"Celebraciones y fiestas - Plantilla 2024 v2","isPartOf":{"@id":"https:\/\/nuttyscientists.com\/plantilla2024v2\/#website"},"primaryImageOfPage":{"@id":"https:\/\/nuttyscientists.com\/plantilla2024v2\/our-programs-events\/celebrations-parties\/#primaryimage"},"image":{"@id":"https:\/\/nuttyscientists.com\/plantilla2024v2\/our-programs-events\/celebrations-parties\/#primaryimage"},"thumbnailUrl":"https:\/\/nuttyscientists.com\/plantilla2024v2\/wp-content\/uploads\/sites\/42\/2015\/07\/featured-image-10.jpg","datePublished":"2015-07-24T11:59:37+00:00","dateModified":"2024-02-14T10:42:30+00:00","description":"Nutty Scientists Hudson Valley offers scientific shows as entertainment for birthday parties and celebrations. Exciting, fun activities they won't forget!","breadcrumb":{"@id":"https:\/\/nuttyscientists.com\/plantilla2024v2\/our-programs-events\/celebrations-parties\/#breadcrumb"},"inLanguage":"es","potentialAction":[{"@type":"ReadAction","target":["https:\/\/nuttyscientists.com\/plantilla2024v2\/our-programs-events\/celebrations-parties\/"]}]},{"@type":"ImageObject","inLanguage":"es","@id":"https:\/\/nuttyscientists.com\/plantilla2024v2\/our-programs-events\/celebrations-parties\/#primaryimage","url":"https:\/\/nuttyscientists.com\/plantilla2024v2\/wp-content\/uploads\/sites\/42\/2015\/07\/featured-image-10.jpg","contentUrl":"https:\/\/nuttyscientists.com\/plantilla2024v2\/wp-content\/uploads\/sites\/42\/2015\/07\/featured-image-10.jpg","width":1400,"height":435},{"@type":"BreadcrumbList","@id":"https:\/\/nuttyscientists.com\/plantilla2024v2\/our-programs-events\/celebrations-parties\/#breadcrumb","itemListElement":[{"@type":"ListItem","position":1,"name":"Home","item":"https:\/\/nuttyscientists.com\/plantilla2024v2\/"},{"@type":"ListItem","position":2,"name":"Nuestros programas y eventos","item":"https:\/\/nuttyscientists.com\/plantilla2024v2\/our-programs-events\/"},{"@type":"ListItem","position":3,"name":"Celebraciones y fiestas"}]},{"@type":"WebSite","@id":"https:\/\/nuttyscientists.com\/plantilla2024v2\/#website","url":"https:\/\/nuttyscientists.com\/plantilla2024v2\/","name":"Plantilla 2024 v2","description":"Outreach STEAM programs for kids in the CDMX","publisher":{"@id":"https:\/\/nuttyscientists.com\/plantilla2024v2\/#organization"},"potentialAction":[{"@type":"SearchAction","target":{"@type":"EntryPoint","urlTemplate":"https:\/\/nuttyscientists.com\/plantilla2024v2\/?s={search_term_string}"},"query-input":{"@type":"PropertyValueSpecification","valueRequired":true,"valueName":"search_term_string"}}],"inLanguage":"es"},{"@type":"Organization","@id":"https:\/\/nuttyscientists.com\/plantilla2024v2\/#organization","name":"Plantilla 2024 v2","url":"https:\/\/nuttyscientists.com\/plantilla2024v2\/","logo":{"@type":"ImageObject","inLanguage":"es","@id":"https:\/\/nuttyscientists.com\/plantilla2024v2\/#\/schema\/logo\/image\/","url":"https:\/\/nuttyscientists.com\/plantilla2024v2\/wp-content\/uploads\/sites\/42\/2023\/03\/logosnutty-03.png","contentUrl":"https:\/\/nuttyscientists.com\/plantilla2024v2\/wp-content\/uploads\/sites\/42\/2023\/03\/logosnutty-03.png","width":1754,"height":1742,"caption":"Plantilla 2024 v2"},"image":{"@id":"https:\/\/nuttyscientists.com\/plantilla2024v2\/#\/schema\/logo\/image\/"},"sameAs":["https:\/\/www.facebook.com\/nuttyscientistshudsonvalley"]}]}},"aioseo_notices":[],"_links":{"self":[{"href":"https:\/\/nuttyscientists.com\/plantilla2024v2\/wp-json\/wp\/v2\/pages\/25","targetHints":{"allow":["GET"]}}],"collection":[{"href":"https:\/\/nuttyscientists.com\/plantilla2024v2\/wp-json\/wp\/v2\/pages"}],"about":[{"href":"https:\/\/nuttyscientists.com\/plantilla2024v2\/wp-json\/wp\/v2\/types\/page"}],"author":[{"embeddable":true,"href":"https:\/\/nuttyscientists.com\/plantilla2024v2\/wp-json\/wp\/v2\/users\/1"}],"replies":[{"embeddable":true,"href":"https:\/\/nuttyscientists.com\/plantilla2024v2\/wp-json\/wp\/v2\/comments?post=25"}],"version-history":[{"count":0,"href":"https:\/\/nuttyscientists.com\/plantilla2024v2\/wp-json\/wp\/v2\/pages\/25\/revisions"}],"up":[{"embeddable":true,"href":"https:\/\/nuttyscientists.com\/plantilla2024v2\/wp-json\/wp\/v2\/pages\/7"}],"wp:featuredmedia":[{"embeddable":true,"href":"https:\/\/nuttyscientists.com\/plantilla2024v2\/wp-json\/wp\/v2\/media\/215"}],"wp:attachment":[{"href":"https:\/\/nuttyscientists.com\/plantilla2024v2\/wp-json\/wp\/v2\/media?parent=25"}],"curies":[{"name":"wp","href":"https:\/\/api.w.org\/{rel}","templated":true}]}}