{"id":644,"date":"2024-12-23T13:49:18","date_gmt":"2024-12-23T19:49:18","guid":{"rendered":"https:\/\/nuttyscientists.com\/cdmx\/?page_id=644"},"modified":"2024-12-23T13:57:12","modified_gmt":"2024-12-23T19:57:12","slug":"family-day","status":"publish","type":"page","link":"https:\/\/nuttyscientists.com\/cdmx\/our-programs-events\/family-day\/","title":{"rendered":"Family Day"},"content":{"rendered":"<p>En Nutty Scientists, transformamos el Family Day en una experiencia \u00fanica donde los ni\u00f1os son los verdaderos protagonistas. A trav\u00e9s de actividades cient\u00edficas educativas y emocionantes, ofrecemos a los m\u00e1s peque\u00f1os la oportunidad de aprender mientras se divierten. Para las empresas, organizar un Family Day con nosotros no solo fortalece los lazos familiares, sino que tambi\u00e9n proyecta una imagen positiva y comprometida con el bienestar de sus empleados y sus hijos. Al invertir en actividades que fomentan la educaci\u00f3n y el entretenimiento, las empresas demuestran su valor por las familias, lo que impacta positivamente en la motivaci\u00f3n, el compromiso y la percepci\u00f3n que tienen los empleados sobre su lugar de trabajo.<\/p>\n<p>\u00a1Con Nutty Scientists, cada Family Day se convierte en una inversi\u00f3n en la cultura y reputaci\u00f3n de tu empresa!<\/p>\n\t\t\t<div class=\"colored-container\" style=\"background-color: #f05523;\" >\r\n\t\t\t\t\t\t\t\t\t<h2><span>Objetivos del Family Day<\/span><\/h2>\r\n\t\t\t\t\r\n\t\t\t\t<ol>\n<li>Colocar a los ni\u00f1os como protagonistas: Ofrecemos actividades donde los ni\u00f1os lideran, aprenden y se divierten, estimulando su curiosidad natural.<\/li>\n<li>Aprendizaje a trav\u00e9s de la diversi\u00f3n: Combinamos educaci\u00f3n y entretenimiento para que los ni\u00f1os aprendan de manera activa y divertida.<\/li>\n<li>Fortalecer el v\u00ednculo familiar: Creamos espacios donde padres e hijos puedan disfrutar juntos mientras participan en actividades educativas y recreativas.<\/li>\n<\/ol>\n\t\t\t<\/div>\r\n\t\t\n\t\t\t<div class=\"colored-container\" style=\"background-color: #0091d1;\" >\r\n\t\t\t\t\t\t\t\t\t<h2><span>Objetivos Principales<\/span><\/h2>\r\n\t\t\t\t\r\n\t\t\t\t<ul>\n<li>Ni\u00f1os como l\u00edderes de la diversi\u00f3n: Actividades cient\u00edficas que permiten a los ni\u00f1os ser los protagonistas, mientras aprenden y experimentan.<\/li>\n<li>Un enfoque educativo \u00fanico: Fomentamos el aprendizaje a trav\u00e9s de la diversi\u00f3n, con actividades dise\u00f1adas para inspirar curiosidad y creatividad.<\/li>\n<li>Recuerdos inolvidables para toda la familia: Aseguramos una jornada llena de momentos educativos, emocionantes y memorables para todos los miembros de la familia.<\/li>\n<\/ul>\n\t\t\t<\/div>\r\n\t\t\n<p>&nbsp;<\/p>\n","protected":false},"excerpt":{"rendered":"En Nutty Scientists, transformamos el Family Day en una experiencia \u00fanica donde los ni\u00f1os son los verdaderos protagonistas. A trav\u00e9s de actividades cient\u00edficas educativas y emocionantes, ofrecemos a los m\u00e1s peque\u00f1os la oportunidad de aprender mientras se divierten. Para las empresas, organizar\n <a href=\"https:\/\/nuttyscientists.com\/cdmx\/our-programs-events\/family-day\/\" class=\"link-more\">Read more<\/a>","protected":false},"author":114,"featured_media":250,"parent":7,"menu_order":4,"comment_status":"open","ping_status":"closed","template":"","meta":{"footnotes":""},"class_list":["post-644","page","type-page","status-publish","has-post-thumbnail","hentry"],"yoast_head":"<!-- This site is optimized with the Yoast SEO plugin v26.2 - https:\/\/yoast.com\/wordpress\/plugins\/seo\/ -->\n<title>Family Day - Nutty Scientists CDMX<\/title>\n<meta name=\"robots\" content=\"index, follow, max-snippet:-1, max-image-preview:large, max-video-preview:-1\" \/>\n<link rel=\"canonical\" href=\"https:\/\/nuttyscientists.com\/cdmx\/our-programs-events\/family-day\/\" \/>\n<meta property=\"og:locale\" content=\"es_ES\" \/>\n<meta property=\"og:type\" content=\"article\" \/>\n<meta property=\"og:title\" content=\"Family Day - Nutty Scientists CDMX\" \/>\n<meta property=\"og:description\" content=\"En Nutty Scientists, transformamos el Family Day en una experiencia \u00fanica donde los ni\u00f1os son los verdaderos protagonistas. A trav\u00e9s de actividades cient\u00edficas educativas y emocionantes, ofrecemos a los m\u00e1s peque\u00f1os la oportunidad de aprender mientras se divierten. Para las empresas, organizar{{{https:\/\/nuttyscientists.com\/cdmx\/our-programs-events\/family-day\/}}}\" \/>\n<meta property=\"og:url\" content=\"https:\/\/nuttyscientists.com\/cdmx\/our-programs-events\/family-day\/\" \/>\n<meta property=\"og:site_name\" content=\"Nutty Scientists CDMX\" \/>\n<meta property=\"article:publisher\" content=\"https:\/\/www.facebook.com\/nuttyscientistshudsonvalley\" \/>\n<meta property=\"article:modified_time\" content=\"2024-12-23T19:57:12+00:00\" \/>\n<meta property=\"og:image\" content=\"https:\/\/nuttyscientists.com\/cdmx\/wp-content\/uploads\/sites\/40\/2015\/07\/featured-image-11.jpg\" \/>\n\t<meta property=\"og:image:width\" content=\"1400\" \/>\n\t<meta property=\"og:image:height\" content=\"435\" \/>\n\t<meta property=\"og:image:type\" content=\"image\/jpeg\" \/>\n<meta name=\"twitter:card\" content=\"summary_large_image\" \/>\n<meta name=\"twitter:label1\" content=\"Tiempo de lectura\" \/>\n\t<meta name=\"twitter:data1\" content=\"2 minutos\" \/>\n<script type=\"application\/ld+json\" class=\"yoast-schema-graph\">{\"@context\":\"https:\/\/schema.org\",\"@graph\":[{\"@type\":\"WebPage\",\"@id\":\"https:\/\/nuttyscientists.com\/cdmx\/our-programs-events\/family-day\/\",\"url\":\"https:\/\/nuttyscientists.com\/cdmx\/our-programs-events\/family-day\/\",\"name\":\"Family Day - Nutty Scientists CDMX\",\"isPartOf\":{\"@id\":\"https:\/\/nuttyscientists.com\/cdmx\/#website\"},\"primaryImageOfPage\":{\"@id\":\"https:\/\/nuttyscientists.com\/cdmx\/our-programs-events\/family-day\/#primaryimage\"},\"image\":{\"@id\":\"https:\/\/nuttyscientists.com\/cdmx\/our-programs-events\/family-day\/#primaryimage\"},\"thumbnailUrl\":\"https:\/\/nuttyscientists.com\/cdmx\/wp-content\/uploads\/sites\/40\/2015\/07\/featured-image-11.jpg\",\"datePublished\":\"2024-12-23T19:49:18+00:00\",\"dateModified\":\"2024-12-23T19:57:12+00:00\",\"breadcrumb\":{\"@id\":\"https:\/\/nuttyscientists.com\/cdmx\/our-programs-events\/family-day\/#breadcrumb\"},\"inLanguage\":\"es\",\"potentialAction\":[{\"@type\":\"ReadAction\",\"target\":[\"https:\/\/nuttyscientists.com\/cdmx\/our-programs-events\/family-day\/\"]}]},{\"@type\":\"ImageObject\",\"inLanguage\":\"es\",\"@id\":\"https:\/\/nuttyscientists.com\/cdmx\/our-programs-events\/family-day\/#primaryimage\",\"url\":\"https:\/\/nuttyscientists.com\/cdmx\/wp-content\/uploads\/sites\/40\/2015\/07\/featured-image-11.jpg\",\"contentUrl\":\"https:\/\/nuttyscientists.com\/cdmx\/wp-content\/uploads\/sites\/40\/2015\/07\/featured-image-11.jpg\",\"width\":1400,\"height\":435},{\"@type\":\"BreadcrumbList\",\"@id\":\"https:\/\/nuttyscientists.com\/cdmx\/our-programs-events\/family-day\/#breadcrumb\",\"itemListElement\":[{\"@type\":\"ListItem\",\"position\":1,\"name\":\"Home\",\"item\":\"https:\/\/nuttyscientists.com\/cdmx\/\"},{\"@type\":\"ListItem\",\"position\":2,\"name\":\"Nuestros programas y eventos\",\"item\":\"https:\/\/nuttyscientists.com\/cdmx\/our-programs-events\/\"},{\"@type\":\"ListItem\",\"position\":3,\"name\":\"Family Day\"}]},{\"@type\":\"WebSite\",\"@id\":\"https:\/\/nuttyscientists.com\/cdmx\/#website\",\"url\":\"https:\/\/nuttyscientists.com\/cdmx\/\",\"name\":\"Nutty Scientists CDMX\",\"description\":\"Outreach STEAM programs for kids in the CDMX\",\"publisher\":{\"@id\":\"https:\/\/nuttyscientists.com\/cdmx\/#organization\"},\"potentialAction\":[{\"@type\":\"SearchAction\",\"target\":{\"@type\":\"EntryPoint\",\"urlTemplate\":\"https:\/\/nuttyscientists.com\/cdmx\/?s={search_term_string}\"},\"query-input\":{\"@type\":\"PropertyValueSpecification\",\"valueRequired\":true,\"valueName\":\"search_term_string\"}}],\"inLanguage\":\"es\"},{\"@type\":\"Organization\",\"@id\":\"https:\/\/nuttyscientists.com\/cdmx\/#organization\",\"name\":\"Nutty Scientists CDMX\",\"url\":\"https:\/\/nuttyscientists.com\/cdmx\/\",\"logo\":{\"@type\":\"ImageObject\",\"inLanguage\":\"es\",\"@id\":\"https:\/\/nuttyscientists.com\/cdmx\/#\/schema\/logo\/image\/\",\"url\":\"https:\/\/nuttyscientists.com\/cdmx\/wp-content\/uploads\/sites\/40\/2023\/03\/logosnutty-03.png\",\"contentUrl\":\"https:\/\/nuttyscientists.com\/cdmx\/wp-content\/uploads\/sites\/40\/2023\/03\/logosnutty-03.png\",\"width\":1754,\"height\":1742,\"caption\":\"Nutty Scientists CDMX\"},\"image\":{\"@id\":\"https:\/\/nuttyscientists.com\/cdmx\/#\/schema\/logo\/image\/\"},\"sameAs\":[\"https:\/\/www.facebook.com\/nuttyscientistshudsonvalley\"]}]}<\/script>\n<!-- \/ Yoast SEO plugin. -->","yoast_head_json":{"title":"Family Day - Nutty Scientists CDMX","robots":{"index":"index","follow":"follow","max-snippet":"max-snippet:-1","max-image-preview":"max-image-preview:large","max-video-preview":"max-video-preview:-1"},"canonical":"https:\/\/nuttyscientists.com\/cdmx\/our-programs-events\/family-day\/","og_locale":"es_ES","og_type":"article","og_title":"Family Day - Nutty Scientists CDMX","og_description":"En Nutty Scientists, transformamos el Family Day en una experiencia \u00fanica donde los ni\u00f1os son los verdaderos protagonistas. A trav\u00e9s de actividades cient\u00edficas educativas y emocionantes, ofrecemos a los m\u00e1s peque\u00f1os la oportunidad de aprender mientras se divierten. Para las empresas, organizar{{{https:\/\/nuttyscientists.com\/cdmx\/our-programs-events\/family-day\/}}}","og_url":"https:\/\/nuttyscientists.com\/cdmx\/our-programs-events\/family-day\/","og_site_name":"Nutty Scientists CDMX","article_publisher":"https:\/\/www.facebook.com\/nuttyscientistshudsonvalley","article_modified_time":"2024-12-23T19:57:12+00:00","og_image":[{"width":1400,"height":435,"url":"https:\/\/nuttyscientists.com\/cdmx\/wp-content\/uploads\/sites\/40\/2015\/07\/featured-image-11.jpg","type":"image\/jpeg"}],"twitter_card":"summary_large_image","twitter_misc":{"Tiempo de lectura":"2 minutos"},"schema":{"@context":"https:\/\/schema.org","@graph":[{"@type":"WebPage","@id":"https:\/\/nuttyscientists.com\/cdmx\/our-programs-events\/family-day\/","url":"https:\/\/nuttyscientists.com\/cdmx\/our-programs-events\/family-day\/","name":"Family Day - Nutty Scientists CDMX","isPartOf":{"@id":"https:\/\/nuttyscientists.com\/cdmx\/#website"},"primaryImageOfPage":{"@id":"https:\/\/nuttyscientists.com\/cdmx\/our-programs-events\/family-day\/#primaryimage"},"image":{"@id":"https:\/\/nuttyscientists.com\/cdmx\/our-programs-events\/family-day\/#primaryimage"},"thumbnailUrl":"https:\/\/nuttyscientists.com\/cdmx\/wp-content\/uploads\/sites\/40\/2015\/07\/featured-image-11.jpg","datePublished":"2024-12-23T19:49:18+00:00","dateModified":"2024-12-23T19:57:12+00:00","breadcrumb":{"@id":"https:\/\/nuttyscientists.com\/cdmx\/our-programs-events\/family-day\/#breadcrumb"},"inLanguage":"es","potentialAction":[{"@type":"ReadAction","target":["https:\/\/nuttyscientists.com\/cdmx\/our-programs-events\/family-day\/"]}]},{"@type":"ImageObject","inLanguage":"es","@id":"https:\/\/nuttyscientists.com\/cdmx\/our-programs-events\/family-day\/#primaryimage","url":"https:\/\/nuttyscientists.com\/cdmx\/wp-content\/uploads\/sites\/40\/2015\/07\/featured-image-11.jpg","contentUrl":"https:\/\/nuttyscientists.com\/cdmx\/wp-content\/uploads\/sites\/40\/2015\/07\/featured-image-11.jpg","width":1400,"height":435},{"@type":"BreadcrumbList","@id":"https:\/\/nuttyscientists.com\/cdmx\/our-programs-events\/family-day\/#breadcrumb","itemListElement":[{"@type":"ListItem","position":1,"name":"Home","item":"https:\/\/nuttyscientists.com\/cdmx\/"},{"@type":"ListItem","position":2,"name":"Nuestros programas y eventos","item":"https:\/\/nuttyscientists.com\/cdmx\/our-programs-events\/"},{"@type":"ListItem","position":3,"name":"Family Day"}]},{"@type":"WebSite","@id":"https:\/\/nuttyscientists.com\/cdmx\/#website","url":"https:\/\/nuttyscientists.com\/cdmx\/","name":"Nutty Scientists CDMX","description":"Outreach STEAM programs for kids in the CDMX","publisher":{"@id":"https:\/\/nuttyscientists.com\/cdmx\/#organization"},"potentialAction":[{"@type":"SearchAction","target":{"@type":"EntryPoint","urlTemplate":"https:\/\/nuttyscientists.com\/cdmx\/?s={search_term_string}"},"query-input":{"@type":"PropertyValueSpecification","valueRequired":true,"valueName":"search_term_string"}}],"inLanguage":"es"},{"@type":"Organization","@id":"https:\/\/nuttyscientists.com\/cdmx\/#organization","name":"Nutty Scientists CDMX","url":"https:\/\/nuttyscientists.com\/cdmx\/","logo":{"@type":"ImageObject","inLanguage":"es","@id":"https:\/\/nuttyscientists.com\/cdmx\/#\/schema\/logo\/image\/","url":"https:\/\/nuttyscientists.com\/cdmx\/wp-content\/uploads\/sites\/40\/2023\/03\/logosnutty-03.png","contentUrl":"https:\/\/nuttyscientists.com\/cdmx\/wp-content\/uploads\/sites\/40\/2023\/03\/logosnutty-03.png","width":1754,"height":1742,"caption":"Nutty Scientists CDMX"},"image":{"@id":"https:\/\/nuttyscientists.com\/cdmx\/#\/schema\/logo\/image\/"},"sameAs":["https:\/\/www.facebook.com\/nuttyscientistshudsonvalley"]}]}},"aioseo_notices":[],"_links":{"self":[{"href":"https:\/\/nuttyscientists.com\/cdmx\/wp-json\/wp\/v2\/pages\/644","targetHints":{"allow":["GET"]}}],"collection":[{"href":"https:\/\/nuttyscientists.com\/cdmx\/wp-json\/wp\/v2\/pages"}],"about":[{"href":"https:\/\/nuttyscientists.com\/cdmx\/wp-json\/wp\/v2\/types\/page"}],"author":[{"embeddable":true,"href":"https:\/\/nuttyscientists.com\/cdmx\/wp-json\/wp\/v2\/users\/114"}],"replies":[{"embeddable":true,"href":"https:\/\/nuttyscientists.com\/cdmx\/wp-json\/wp\/v2\/comments?post=644"}],"version-history":[{"count":0,"href":"https:\/\/nuttyscientists.com\/cdmx\/wp-json\/wp\/v2\/pages\/644\/revisions"}],"up":[{"embeddable":true,"href":"https:\/\/nuttyscientists.com\/cdmx\/wp-json\/wp\/v2\/pages\/7"}],"wp:featuredmedia":[{"embeddable":true,"href":"https:\/\/nuttyscientists.com\/cdmx\/wp-json\/wp\/v2\/media\/250"}],"wp:attachment":[{"href":"https:\/\/nuttyscientists.com\/cdmx\/wp-json\/wp\/v2\/media?parent=644"}],"curies":[{"name":"wp","href":"https:\/\/api.w.org\/{rel}","templated":true}]}}