{"id":53,"date":"2015-07-24T13:21:33","date_gmt":"2015-07-24T13:21:33","guid":{"rendered":"http:\/\/nuttyscientists.co\/subsite\/?page_id=53"},"modified":"2024-02-14T09:36:31","modified_gmt":"2024-02-14T15:36:31","slug":"our-scientists","status":"publish","type":"page","link":"https:\/\/nuttyscientists.com\/cdmx\/about-us\/our-scientists\/","title":{"rendered":"Nuestros cient\u00edficos"},"content":{"rendered":"<p>En Nutty Scientists CDMX tenemos mucho cuidado en la selecci\u00f3n de nuestros instructores del programa. Todos nuestros instructores han completado un intenso programa de entrenamiento.<\/p>\n<h2>La seguridad primero, la diversi\u00f3n despu\u00e9s.<\/h2>\n<p>Puede que se nos conozca por nuestras estrafalarias presentaciones, pero podemos asegurarle que el caos percibido est\u00e1 controlado al 100%. Nuestros instructores est\u00e1n formados para orquestar experimentos detallados como parte integral de su presentaci\u00f3n. Es m\u00e1s, saben c\u00f3mo trabajar con ni\u00f1os, manteniendo su seguridad en primer plano.<\/p>\n<p>Nunca pasamos por alto la responsabilidad que conlleva llevar a nuestros instructores a colegios y otras zonas de reuni\u00f3n de la comunidad. Desde el montaje hasta la limpieza, nuestros instructores son conscientes de cada detalle.<\/p>\n<p>Lo \u00fanico en lo que usted y sus hijos tienen que pensar es en lo incre\u00edble que es entretenerse y educarse al mismo tiempo.<\/p>\n","protected":false},"excerpt":{"rendered":"En Nutty Scientists CDMX tenemos mucho cuidado en la selecci\u00f3n de nuestros instructores del programa. Todos nuestros instructores han completado un intenso programa de entrenamiento. La seguridad primero, la diversi\u00f3n despu\u00e9s. Puede que se nos conozca por nuestras estrafalarias presentaciones, pero podemos\n <a href=\"https:\/\/nuttyscientists.com\/cdmx\/about-us\/our-scientists\/\" class=\"link-more\">Read more<\/a>","protected":false},"author":1,"featured_media":434,"parent":11,"menu_order":2,"comment_status":"open","ping_status":"open","template":"","meta":{"footnotes":""},"class_list":["post-53","page","type-page","status-publish","has-post-thumbnail","hentry"],"yoast_head":"<!-- This site is optimized with the Yoast SEO plugin v26.2 - https:\/\/yoast.com\/wordpress\/plugins\/seo\/ -->\n<title>Nuestros cient\u00edficos - Nutty Scientists CDMX<\/title>\n<meta name=\"robots\" content=\"index, follow, max-snippet:-1, max-image-preview:large, max-video-preview:-1\" \/>\n<link rel=\"canonical\" href=\"https:\/\/nuttyscientists.com\/cdmx\/about-us\/our-scientists\/\" \/>\n<meta property=\"og:locale\" content=\"es_ES\" \/>\n<meta property=\"og:type\" content=\"article\" \/>\n<meta property=\"og:title\" content=\"Nuestros cient\u00edficos - Nutty Scientists CDMX\" \/>\n<meta property=\"og:description\" content=\"En Nutty Scientists CDMX tenemos mucho cuidado en la selecci\u00f3n de nuestros instructores del programa. Todos nuestros instructores han completado un intenso programa de entrenamiento. La seguridad primero, la diversi\u00f3n despu\u00e9s. Puede que se nos conozca por nuestras estrafalarias presentaciones, pero podemos{{{https:\/\/nuttyscientists.com\/cdmx\/about-us\/our-scientists\/}}}\" \/>\n<meta property=\"og:url\" content=\"https:\/\/nuttyscientists.com\/cdmx\/about-us\/our-scientists\/\" \/>\n<meta property=\"og:site_name\" content=\"Nutty Scientists CDMX\" \/>\n<meta property=\"article:publisher\" content=\"https:\/\/www.facebook.com\/nuttyscientistshudsonvalley\" \/>\n<meta property=\"article:modified_time\" content=\"2024-02-14T15:36:31+00:00\" \/>\n<meta property=\"og:image\" content=\"https:\/\/nuttyscientists.com\/cdmx\/wp-content\/uploads\/sites\/40\/2015\/07\/featured-image-scientists.jpg\" \/>\n\t<meta property=\"og:image:width\" content=\"1400\" \/>\n\t<meta property=\"og:image:height\" content=\"435\" \/>\n\t<meta property=\"og:image:type\" content=\"image\/jpeg\" \/>\n<meta name=\"twitter:card\" content=\"summary_large_image\" \/>\n<meta name=\"twitter:label1\" content=\"Tiempo de lectura\" \/>\n\t<meta name=\"twitter:data1\" content=\"1 minuto\" \/>\n<script type=\"application\/ld+json\" class=\"yoast-schema-graph\">{\"@context\":\"https:\/\/schema.org\",\"@graph\":[{\"@type\":\"WebPage\",\"@id\":\"https:\/\/nuttyscientists.com\/cdmx\/about-us\/our-scientists\/\",\"url\":\"https:\/\/nuttyscientists.com\/cdmx\/about-us\/our-scientists\/\",\"name\":\"Nuestros cient\u00edficos - Nutty Scientists CDMX\",\"isPartOf\":{\"@id\":\"https:\/\/nuttyscientists.com\/cdmx\/#website\"},\"primaryImageOfPage\":{\"@id\":\"https:\/\/nuttyscientists.com\/cdmx\/about-us\/our-scientists\/#primaryimage\"},\"image\":{\"@id\":\"https:\/\/nuttyscientists.com\/cdmx\/about-us\/our-scientists\/#primaryimage\"},\"thumbnailUrl\":\"https:\/\/nuttyscientists.com\/cdmx\/wp-content\/uploads\/sites\/40\/2015\/07\/featured-image-scientists.jpg\",\"datePublished\":\"2015-07-24T13:21:33+00:00\",\"dateModified\":\"2024-02-14T15:36:31+00:00\",\"breadcrumb\":{\"@id\":\"https:\/\/nuttyscientists.com\/cdmx\/about-us\/our-scientists\/#breadcrumb\"},\"inLanguage\":\"es\",\"potentialAction\":[{\"@type\":\"ReadAction\",\"target\":[\"https:\/\/nuttyscientists.com\/cdmx\/about-us\/our-scientists\/\"]}]},{\"@type\":\"ImageObject\",\"inLanguage\":\"es\",\"@id\":\"https:\/\/nuttyscientists.com\/cdmx\/about-us\/our-scientists\/#primaryimage\",\"url\":\"https:\/\/nuttyscientists.com\/cdmx\/wp-content\/uploads\/sites\/40\/2015\/07\/featured-image-scientists.jpg\",\"contentUrl\":\"https:\/\/nuttyscientists.com\/cdmx\/wp-content\/uploads\/sites\/40\/2015\/07\/featured-image-scientists.jpg\",\"width\":1400,\"height\":435},{\"@type\":\"BreadcrumbList\",\"@id\":\"https:\/\/nuttyscientists.com\/cdmx\/about-us\/our-scientists\/#breadcrumb\",\"itemListElement\":[{\"@type\":\"ListItem\",\"position\":1,\"name\":\"Home\",\"item\":\"https:\/\/nuttyscientists.com\/cdmx\/\"},{\"@type\":\"ListItem\",\"position\":2,\"name\":\"Sobre nosotros\",\"item\":\"https:\/\/nuttyscientists.com\/cdmx\/about-us\/\"},{\"@type\":\"ListItem\",\"position\":3,\"name\":\"Nuestros cient\u00edficos\"}]},{\"@type\":\"WebSite\",\"@id\":\"https:\/\/nuttyscientists.com\/cdmx\/#website\",\"url\":\"https:\/\/nuttyscientists.com\/cdmx\/\",\"name\":\"Nutty Scientists CDMX\",\"description\":\"Outreach STEAM programs for kids in the CDMX\",\"publisher\":{\"@id\":\"https:\/\/nuttyscientists.com\/cdmx\/#organization\"},\"potentialAction\":[{\"@type\":\"SearchAction\",\"target\":{\"@type\":\"EntryPoint\",\"urlTemplate\":\"https:\/\/nuttyscientists.com\/cdmx\/?s={search_term_string}\"},\"query-input\":{\"@type\":\"PropertyValueSpecification\",\"valueRequired\":true,\"valueName\":\"search_term_string\"}}],\"inLanguage\":\"es\"},{\"@type\":\"Organization\",\"@id\":\"https:\/\/nuttyscientists.com\/cdmx\/#organization\",\"name\":\"Nutty Scientists CDMX\",\"url\":\"https:\/\/nuttyscientists.com\/cdmx\/\",\"logo\":{\"@type\":\"ImageObject\",\"inLanguage\":\"es\",\"@id\":\"https:\/\/nuttyscientists.com\/cdmx\/#\/schema\/logo\/image\/\",\"url\":\"https:\/\/nuttyscientists.com\/cdmx\/wp-content\/uploads\/sites\/40\/2023\/03\/logosnutty-03.png\",\"contentUrl\":\"https:\/\/nuttyscientists.com\/cdmx\/wp-content\/uploads\/sites\/40\/2023\/03\/logosnutty-03.png\",\"width\":1754,\"height\":1742,\"caption\":\"Nutty Scientists CDMX\"},\"image\":{\"@id\":\"https:\/\/nuttyscientists.com\/cdmx\/#\/schema\/logo\/image\/\"},\"sameAs\":[\"https:\/\/www.facebook.com\/nuttyscientistshudsonvalley\"]}]}<\/script>\n<!-- \/ Yoast SEO plugin. -->","yoast_head_json":{"title":"Nuestros cient\u00edficos - Nutty Scientists CDMX","robots":{"index":"index","follow":"follow","max-snippet":"max-snippet:-1","max-image-preview":"max-image-preview:large","max-video-preview":"max-video-preview:-1"},"canonical":"https:\/\/nuttyscientists.com\/cdmx\/about-us\/our-scientists\/","og_locale":"es_ES","og_type":"article","og_title":"Nuestros cient\u00edficos - Nutty Scientists CDMX","og_description":"En Nutty Scientists CDMX tenemos mucho cuidado en la selecci\u00f3n de nuestros instructores del programa. Todos nuestros instructores han completado un intenso programa de entrenamiento. La seguridad primero, la diversi\u00f3n despu\u00e9s. Puede que se nos conozca por nuestras estrafalarias presentaciones, pero podemos{{{https:\/\/nuttyscientists.com\/cdmx\/about-us\/our-scientists\/}}}","og_url":"https:\/\/nuttyscientists.com\/cdmx\/about-us\/our-scientists\/","og_site_name":"Nutty Scientists CDMX","article_publisher":"https:\/\/www.facebook.com\/nuttyscientistshudsonvalley","article_modified_time":"2024-02-14T15:36:31+00:00","og_image":[{"width":1400,"height":435,"url":"https:\/\/nuttyscientists.com\/cdmx\/wp-content\/uploads\/sites\/40\/2015\/07\/featured-image-scientists.jpg","type":"image\/jpeg"}],"twitter_card":"summary_large_image","twitter_misc":{"Tiempo de lectura":"1 minuto"},"schema":{"@context":"https:\/\/schema.org","@graph":[{"@type":"WebPage","@id":"https:\/\/nuttyscientists.com\/cdmx\/about-us\/our-scientists\/","url":"https:\/\/nuttyscientists.com\/cdmx\/about-us\/our-scientists\/","name":"Nuestros cient\u00edficos - Nutty Scientists CDMX","isPartOf":{"@id":"https:\/\/nuttyscientists.com\/cdmx\/#website"},"primaryImageOfPage":{"@id":"https:\/\/nuttyscientists.com\/cdmx\/about-us\/our-scientists\/#primaryimage"},"image":{"@id":"https:\/\/nuttyscientists.com\/cdmx\/about-us\/our-scientists\/#primaryimage"},"thumbnailUrl":"https:\/\/nuttyscientists.com\/cdmx\/wp-content\/uploads\/sites\/40\/2015\/07\/featured-image-scientists.jpg","datePublished":"2015-07-24T13:21:33+00:00","dateModified":"2024-02-14T15:36:31+00:00","breadcrumb":{"@id":"https:\/\/nuttyscientists.com\/cdmx\/about-us\/our-scientists\/#breadcrumb"},"inLanguage":"es","potentialAction":[{"@type":"ReadAction","target":["https:\/\/nuttyscientists.com\/cdmx\/about-us\/our-scientists\/"]}]},{"@type":"ImageObject","inLanguage":"es","@id":"https:\/\/nuttyscientists.com\/cdmx\/about-us\/our-scientists\/#primaryimage","url":"https:\/\/nuttyscientists.com\/cdmx\/wp-content\/uploads\/sites\/40\/2015\/07\/featured-image-scientists.jpg","contentUrl":"https:\/\/nuttyscientists.com\/cdmx\/wp-content\/uploads\/sites\/40\/2015\/07\/featured-image-scientists.jpg","width":1400,"height":435},{"@type":"BreadcrumbList","@id":"https:\/\/nuttyscientists.com\/cdmx\/about-us\/our-scientists\/#breadcrumb","itemListElement":[{"@type":"ListItem","position":1,"name":"Home","item":"https:\/\/nuttyscientists.com\/cdmx\/"},{"@type":"ListItem","position":2,"name":"Sobre nosotros","item":"https:\/\/nuttyscientists.com\/cdmx\/about-us\/"},{"@type":"ListItem","position":3,"name":"Nuestros cient\u00edficos"}]},{"@type":"WebSite","@id":"https:\/\/nuttyscientists.com\/cdmx\/#website","url":"https:\/\/nuttyscientists.com\/cdmx\/","name":"Nutty Scientists CDMX","description":"Outreach STEAM programs for kids in the CDMX","publisher":{"@id":"https:\/\/nuttyscientists.com\/cdmx\/#organization"},"potentialAction":[{"@type":"SearchAction","target":{"@type":"EntryPoint","urlTemplate":"https:\/\/nuttyscientists.com\/cdmx\/?s={search_term_string}"},"query-input":{"@type":"PropertyValueSpecification","valueRequired":true,"valueName":"search_term_string"}}],"inLanguage":"es"},{"@type":"Organization","@id":"https:\/\/nuttyscientists.com\/cdmx\/#organization","name":"Nutty Scientists CDMX","url":"https:\/\/nuttyscientists.com\/cdmx\/","logo":{"@type":"ImageObject","inLanguage":"es","@id":"https:\/\/nuttyscientists.com\/cdmx\/#\/schema\/logo\/image\/","url":"https:\/\/nuttyscientists.com\/cdmx\/wp-content\/uploads\/sites\/40\/2023\/03\/logosnutty-03.png","contentUrl":"https:\/\/nuttyscientists.com\/cdmx\/wp-content\/uploads\/sites\/40\/2023\/03\/logosnutty-03.png","width":1754,"height":1742,"caption":"Nutty Scientists CDMX"},"image":{"@id":"https:\/\/nuttyscientists.com\/cdmx\/#\/schema\/logo\/image\/"},"sameAs":["https:\/\/www.facebook.com\/nuttyscientistshudsonvalley"]}]}},"aioseo_notices":[],"_links":{"self":[{"href":"https:\/\/nuttyscientists.com\/cdmx\/wp-json\/wp\/v2\/pages\/53","targetHints":{"allow":["GET"]}}],"collection":[{"href":"https:\/\/nuttyscientists.com\/cdmx\/wp-json\/wp\/v2\/pages"}],"about":[{"href":"https:\/\/nuttyscientists.com\/cdmx\/wp-json\/wp\/v2\/types\/page"}],"author":[{"embeddable":true,"href":"https:\/\/nuttyscientists.com\/cdmx\/wp-json\/wp\/v2\/users\/1"}],"replies":[{"embeddable":true,"href":"https:\/\/nuttyscientists.com\/cdmx\/wp-json\/wp\/v2\/comments?post=53"}],"version-history":[{"count":0,"href":"https:\/\/nuttyscientists.com\/cdmx\/wp-json\/wp\/v2\/pages\/53\/revisions"}],"up":[{"embeddable":true,"href":"https:\/\/nuttyscientists.com\/cdmx\/wp-json\/wp\/v2\/pages\/11"}],"wp:featuredmedia":[{"embeddable":true,"href":"https:\/\/nuttyscientists.com\/cdmx\/wp-json\/wp\/v2\/media\/434"}],"wp:attachment":[{"href":"https:\/\/nuttyscientists.com\/cdmx\/wp-json\/wp\/v2\/media?parent=53"}],"curies":[{"name":"wp","href":"https:\/\/api.w.org\/{rel}","templated":true}]}}