{"id":17,"date":"2015-07-24T11:58:53","date_gmt":"2015-07-24T11:58:53","guid":{"rendered":"http:\/\/nuttyscientists.co\/subsite\/?page_id=17"},"modified":"2024-02-14T04:34:18","modified_gmt":"2024-02-14T10:34:18","slug":"after-school-programs","status":"publish","type":"page","link":"https:\/\/nuttyscientists.com\/cdmx\/our-programs-events\/after-school-programs\/","title":{"rendered":"Programas extraescolares"},"content":{"rendered":"<p><img decoding=\"async\" class=\"alignright\" style=\"padding-bottom: 20px;\" src=\"\/cdmx\/wp-content\/uploads\/sites\/40\/2015\/07\/article-image-7.jpg\" alt=\"Programas Extraescolares Nutty Scientists\" \/><\/p>\n<p>Los Programas Extraescolares Nutty Scientists en CDMX est\u00e1n disponibles para escuelas p\u00fablicas y privadas, as\u00ed como asociaciones. Estas populares actividades pr\u00e1cticas ofrecen un gran valor de aprendizaje y fomentan la participaci\u00f3n activa de los ni\u00f1os. Nuestros instructores est\u00e1n especialmente entrenados para entretener y educar simult\u00e1neamente.<\/p>\n\t\t\t<div class=\"colored-container\" style=\"background-color: #f05523;\" >\r\n\t\t\t\t\t\t\t\t\t<h2><span>Objetivos de los programas extraescolares<\/span><\/h2>\r\n\t\t\t\t\r\n\t\t\t\t<ol>\n<li>Fomentar el inter\u00e9s de los ni\u00f1os por el mundo de la ciencia a trav\u00e9s de experimentaci\u00f3n y de la observaci\u00f3n directa del mundo lo que les rodea.<\/li>\n<li>Nuestra metodolog\u00eda \u00fanica permite a los ni\u00f1os participar de forma pr\u00e1ctica y activa en el proceso de aprendizaje. Utiliza t\u00e9cnicas de participaci\u00f3n creativa para desarrollar su imaginaci\u00f3n y su intelecto.<\/li>\n<li>Nutty Scientists pretende estimular actitudes cr\u00edticas a trav\u00e9s de preguntas.<\/li>\n<\/ol>\n\t\t\t<\/div>\r\n\t\t\n\t\t\t<div class=\"colored-container\" style=\"background-color: #0091d1;\" >\r\n\t\t\t\t\t\t\t\t\t<h2><span>\u00bfQu\u00e9 puede esperar?<\/span><\/h2>\r\n\t\t\t\t\r\n\t\t\t\t<ol>\n<li>Programas perfectamente planificados.<\/li>\n<li>Una hora de actividad semanal, incluida una explicaci\u00f3n, un experimento y una actividad pr\u00e1ctica diferente.<\/li>\n<li>Profesores expertos formados en la metodolog\u00eda de Nutty Scientists.<\/li>\n<li>Nutty Scientists ofrece todos los materiales, por lo que solo es necesario asistir a clase.<\/li>\n<li>Art\u00edculos de regalo por pertenecer al Club Nutty Scientists (p. ej., cuaderno, bol\u00edgrafo, diplomas, posibilidad de descuentos en museos y actividades educativas).<\/li>\n<li>Invitaci\u00f3n a eventos de puertas abiertas.<\/li>\n<li>Informes de progresos e informe final para los padres.<\/li>\n<\/ol>\n\t\t\t<\/div>\r\n\t\t\n<p>&nbsp;<\/p>\n","protected":false},"excerpt":{"rendered":"Los Programas Extraescolares Nutty Scientists en CDMX est\u00e1n disponibles para escuelas p\u00fablicas y privadas, as\u00ed como asociaciones. Estas populares actividades pr\u00e1cticas ofrecen un gran valor de aprendizaje y fomentan la participaci\u00f3n activa de los ni\u00f1os. Nuestros instructores est\u00e1n especialmente entrenados para entretener\n <a href=\"https:\/\/nuttyscientists.com\/cdmx\/our-programs-events\/after-school-programs\/\" class=\"link-more\">Read more<\/a>","protected":false},"author":1,"featured_media":136,"parent":7,"menu_order":1,"comment_status":"open","ping_status":"open","template":"","meta":{"footnotes":""},"class_list":["post-17","page","type-page","status-publish","has-post-thumbnail","hentry"],"yoast_head":"<!-- This site is optimized with the Yoast SEO plugin v26.2 - https:\/\/yoast.com\/wordpress\/plugins\/seo\/ -->\n<title>Programas extraescolares - Nutty Scientists CDMX<\/title>\n<meta name=\"robots\" content=\"index, follow, max-snippet:-1, max-image-preview:large, max-video-preview:-1\" \/>\n<link rel=\"canonical\" href=\"https:\/\/nuttyscientists.com\/cdmx\/our-programs-events\/after-school-programs\/\" \/>\n<meta property=\"og:locale\" content=\"es_ES\" \/>\n<meta property=\"og:type\" content=\"article\" \/>\n<meta property=\"og:title\" content=\"Programas extraescolares - Nutty Scientists CDMX\" \/>\n<meta property=\"og:description\" content=\"Los Programas Extraescolares Nutty Scientists en CDMX est\u00e1n disponibles para escuelas p\u00fablicas y privadas, as\u00ed como asociaciones. Estas populares actividades pr\u00e1cticas ofrecen un gran valor de aprendizaje y fomentan la participaci\u00f3n activa de los ni\u00f1os. Nuestros instructores est\u00e1n especialmente entrenados para entretener{{{https:\/\/nuttyscientists.com\/cdmx\/our-programs-events\/after-school-programs\/}}}\" \/>\n<meta property=\"og:url\" content=\"https:\/\/nuttyscientists.com\/cdmx\/our-programs-events\/after-school-programs\/\" \/>\n<meta property=\"og:site_name\" content=\"Nutty Scientists CDMX\" \/>\n<meta property=\"article:publisher\" content=\"https:\/\/www.facebook.com\/nuttyscientistshudsonvalley\" \/>\n<meta property=\"article:modified_time\" content=\"2024-02-14T10:34:18+00:00\" \/>\n<meta property=\"og:image\" content=\"https:\/\/nuttyscientists.com\/cdmx\/wp-content\/uploads\/sites\/40\/2015\/07\/featured-image-3.jpg\" \/>\n\t<meta property=\"og:image:width\" content=\"1400\" \/>\n\t<meta property=\"og:image:height\" content=\"435\" \/>\n\t<meta property=\"og:image:type\" content=\"image\/jpeg\" \/>\n<meta name=\"twitter:card\" content=\"summary_large_image\" \/>\n<meta name=\"twitter:label1\" content=\"Tiempo de lectura\" \/>\n\t<meta name=\"twitter:data1\" content=\"2 minutos\" \/>\n<script type=\"application\/ld+json\" class=\"yoast-schema-graph\">{\"@context\":\"https:\/\/schema.org\",\"@graph\":[{\"@type\":\"WebPage\",\"@id\":\"https:\/\/nuttyscientists.com\/cdmx\/our-programs-events\/after-school-programs\/\",\"url\":\"https:\/\/nuttyscientists.com\/cdmx\/our-programs-events\/after-school-programs\/\",\"name\":\"Programas extraescolares - Nutty Scientists CDMX\",\"isPartOf\":{\"@id\":\"https:\/\/nuttyscientists.com\/cdmx\/#website\"},\"primaryImageOfPage\":{\"@id\":\"https:\/\/nuttyscientists.com\/cdmx\/our-programs-events\/after-school-programs\/#primaryimage\"},\"image\":{\"@id\":\"https:\/\/nuttyscientists.com\/cdmx\/our-programs-events\/after-school-programs\/#primaryimage\"},\"thumbnailUrl\":\"https:\/\/nuttyscientists.com\/cdmx\/wp-content\/uploads\/sites\/40\/2015\/07\/featured-image-3.jpg\",\"datePublished\":\"2015-07-24T11:58:53+00:00\",\"dateModified\":\"2024-02-14T10:34:18+00:00\",\"breadcrumb\":{\"@id\":\"https:\/\/nuttyscientists.com\/cdmx\/our-programs-events\/after-school-programs\/#breadcrumb\"},\"inLanguage\":\"es\",\"potentialAction\":[{\"@type\":\"ReadAction\",\"target\":[\"https:\/\/nuttyscientists.com\/cdmx\/our-programs-events\/after-school-programs\/\"]}]},{\"@type\":\"ImageObject\",\"inLanguage\":\"es\",\"@id\":\"https:\/\/nuttyscientists.com\/cdmx\/our-programs-events\/after-school-programs\/#primaryimage\",\"url\":\"https:\/\/nuttyscientists.com\/cdmx\/wp-content\/uploads\/sites\/40\/2015\/07\/featured-image-3.jpg\",\"contentUrl\":\"https:\/\/nuttyscientists.com\/cdmx\/wp-content\/uploads\/sites\/40\/2015\/07\/featured-image-3.jpg\",\"width\":1400,\"height\":435},{\"@type\":\"BreadcrumbList\",\"@id\":\"https:\/\/nuttyscientists.com\/cdmx\/our-programs-events\/after-school-programs\/#breadcrumb\",\"itemListElement\":[{\"@type\":\"ListItem\",\"position\":1,\"name\":\"Home\",\"item\":\"https:\/\/nuttyscientists.com\/cdmx\/\"},{\"@type\":\"ListItem\",\"position\":2,\"name\":\"Nuestros programas y eventos\",\"item\":\"https:\/\/nuttyscientists.com\/cdmx\/our-programs-events\/\"},{\"@type\":\"ListItem\",\"position\":3,\"name\":\"Programas extraescolares\"}]},{\"@type\":\"WebSite\",\"@id\":\"https:\/\/nuttyscientists.com\/cdmx\/#website\",\"url\":\"https:\/\/nuttyscientists.com\/cdmx\/\",\"name\":\"Nutty Scientists CDMX\",\"description\":\"Outreach STEAM programs for kids in the CDMX\",\"publisher\":{\"@id\":\"https:\/\/nuttyscientists.com\/cdmx\/#organization\"},\"potentialAction\":[{\"@type\":\"SearchAction\",\"target\":{\"@type\":\"EntryPoint\",\"urlTemplate\":\"https:\/\/nuttyscientists.com\/cdmx\/?s={search_term_string}\"},\"query-input\":{\"@type\":\"PropertyValueSpecification\",\"valueRequired\":true,\"valueName\":\"search_term_string\"}}],\"inLanguage\":\"es\"},{\"@type\":\"Organization\",\"@id\":\"https:\/\/nuttyscientists.com\/cdmx\/#organization\",\"name\":\"Nutty Scientists CDMX\",\"url\":\"https:\/\/nuttyscientists.com\/cdmx\/\",\"logo\":{\"@type\":\"ImageObject\",\"inLanguage\":\"es\",\"@id\":\"https:\/\/nuttyscientists.com\/cdmx\/#\/schema\/logo\/image\/\",\"url\":\"https:\/\/nuttyscientists.com\/cdmx\/wp-content\/uploads\/sites\/40\/2023\/03\/logosnutty-03.png\",\"contentUrl\":\"https:\/\/nuttyscientists.com\/cdmx\/wp-content\/uploads\/sites\/40\/2023\/03\/logosnutty-03.png\",\"width\":1754,\"height\":1742,\"caption\":\"Nutty Scientists CDMX\"},\"image\":{\"@id\":\"https:\/\/nuttyscientists.com\/cdmx\/#\/schema\/logo\/image\/\"},\"sameAs\":[\"https:\/\/www.facebook.com\/nuttyscientistshudsonvalley\"]}]}<\/script>\n<!-- \/ Yoast SEO plugin. -->","yoast_head_json":{"title":"Programas extraescolares - Nutty Scientists CDMX","robots":{"index":"index","follow":"follow","max-snippet":"max-snippet:-1","max-image-preview":"max-image-preview:large","max-video-preview":"max-video-preview:-1"},"canonical":"https:\/\/nuttyscientists.com\/cdmx\/our-programs-events\/after-school-programs\/","og_locale":"es_ES","og_type":"article","og_title":"Programas extraescolares - Nutty Scientists CDMX","og_description":"Los Programas Extraescolares Nutty Scientists en CDMX est\u00e1n disponibles para escuelas p\u00fablicas y privadas, as\u00ed como asociaciones. Estas populares actividades pr\u00e1cticas ofrecen un gran valor de aprendizaje y fomentan la participaci\u00f3n activa de los ni\u00f1os. Nuestros instructores est\u00e1n especialmente entrenados para entretener{{{https:\/\/nuttyscientists.com\/cdmx\/our-programs-events\/after-school-programs\/}}}","og_url":"https:\/\/nuttyscientists.com\/cdmx\/our-programs-events\/after-school-programs\/","og_site_name":"Nutty Scientists CDMX","article_publisher":"https:\/\/www.facebook.com\/nuttyscientistshudsonvalley","article_modified_time":"2024-02-14T10:34:18+00:00","og_image":[{"width":1400,"height":435,"url":"https:\/\/nuttyscientists.com\/cdmx\/wp-content\/uploads\/sites\/40\/2015\/07\/featured-image-3.jpg","type":"image\/jpeg"}],"twitter_card":"summary_large_image","twitter_misc":{"Tiempo de lectura":"2 minutos"},"schema":{"@context":"https:\/\/schema.org","@graph":[{"@type":"WebPage","@id":"https:\/\/nuttyscientists.com\/cdmx\/our-programs-events\/after-school-programs\/","url":"https:\/\/nuttyscientists.com\/cdmx\/our-programs-events\/after-school-programs\/","name":"Programas extraescolares - Nutty Scientists CDMX","isPartOf":{"@id":"https:\/\/nuttyscientists.com\/cdmx\/#website"},"primaryImageOfPage":{"@id":"https:\/\/nuttyscientists.com\/cdmx\/our-programs-events\/after-school-programs\/#primaryimage"},"image":{"@id":"https:\/\/nuttyscientists.com\/cdmx\/our-programs-events\/after-school-programs\/#primaryimage"},"thumbnailUrl":"https:\/\/nuttyscientists.com\/cdmx\/wp-content\/uploads\/sites\/40\/2015\/07\/featured-image-3.jpg","datePublished":"2015-07-24T11:58:53+00:00","dateModified":"2024-02-14T10:34:18+00:00","breadcrumb":{"@id":"https:\/\/nuttyscientists.com\/cdmx\/our-programs-events\/after-school-programs\/#breadcrumb"},"inLanguage":"es","potentialAction":[{"@type":"ReadAction","target":["https:\/\/nuttyscientists.com\/cdmx\/our-programs-events\/after-school-programs\/"]}]},{"@type":"ImageObject","inLanguage":"es","@id":"https:\/\/nuttyscientists.com\/cdmx\/our-programs-events\/after-school-programs\/#primaryimage","url":"https:\/\/nuttyscientists.com\/cdmx\/wp-content\/uploads\/sites\/40\/2015\/07\/featured-image-3.jpg","contentUrl":"https:\/\/nuttyscientists.com\/cdmx\/wp-content\/uploads\/sites\/40\/2015\/07\/featured-image-3.jpg","width":1400,"height":435},{"@type":"BreadcrumbList","@id":"https:\/\/nuttyscientists.com\/cdmx\/our-programs-events\/after-school-programs\/#breadcrumb","itemListElement":[{"@type":"ListItem","position":1,"name":"Home","item":"https:\/\/nuttyscientists.com\/cdmx\/"},{"@type":"ListItem","position":2,"name":"Nuestros programas y eventos","item":"https:\/\/nuttyscientists.com\/cdmx\/our-programs-events\/"},{"@type":"ListItem","position":3,"name":"Programas extraescolares"}]},{"@type":"WebSite","@id":"https:\/\/nuttyscientists.com\/cdmx\/#website","url":"https:\/\/nuttyscientists.com\/cdmx\/","name":"Nutty Scientists CDMX","description":"Outreach STEAM programs for kids in the CDMX","publisher":{"@id":"https:\/\/nuttyscientists.com\/cdmx\/#organization"},"potentialAction":[{"@type":"SearchAction","target":{"@type":"EntryPoint","urlTemplate":"https:\/\/nuttyscientists.com\/cdmx\/?s={search_term_string}"},"query-input":{"@type":"PropertyValueSpecification","valueRequired":true,"valueName":"search_term_string"}}],"inLanguage":"es"},{"@type":"Organization","@id":"https:\/\/nuttyscientists.com\/cdmx\/#organization","name":"Nutty Scientists CDMX","url":"https:\/\/nuttyscientists.com\/cdmx\/","logo":{"@type":"ImageObject","inLanguage":"es","@id":"https:\/\/nuttyscientists.com\/cdmx\/#\/schema\/logo\/image\/","url":"https:\/\/nuttyscientists.com\/cdmx\/wp-content\/uploads\/sites\/40\/2023\/03\/logosnutty-03.png","contentUrl":"https:\/\/nuttyscientists.com\/cdmx\/wp-content\/uploads\/sites\/40\/2023\/03\/logosnutty-03.png","width":1754,"height":1742,"caption":"Nutty Scientists CDMX"},"image":{"@id":"https:\/\/nuttyscientists.com\/cdmx\/#\/schema\/logo\/image\/"},"sameAs":["https:\/\/www.facebook.com\/nuttyscientistshudsonvalley"]}]}},"aioseo_notices":[],"_links":{"self":[{"href":"https:\/\/nuttyscientists.com\/cdmx\/wp-json\/wp\/v2\/pages\/17","targetHints":{"allow":["GET"]}}],"collection":[{"href":"https:\/\/nuttyscientists.com\/cdmx\/wp-json\/wp\/v2\/pages"}],"about":[{"href":"https:\/\/nuttyscientists.com\/cdmx\/wp-json\/wp\/v2\/types\/page"}],"author":[{"embeddable":true,"href":"https:\/\/nuttyscientists.com\/cdmx\/wp-json\/wp\/v2\/users\/1"}],"replies":[{"embeddable":true,"href":"https:\/\/nuttyscientists.com\/cdmx\/wp-json\/wp\/v2\/comments?post=17"}],"version-history":[{"count":0,"href":"https:\/\/nuttyscientists.com\/cdmx\/wp-json\/wp\/v2\/pages\/17\/revisions"}],"up":[{"embeddable":true,"href":"https:\/\/nuttyscientists.com\/cdmx\/wp-json\/wp\/v2\/pages\/7"}],"wp:featuredmedia":[{"embeddable":true,"href":"https:\/\/nuttyscientists.com\/cdmx\/wp-json\/wp\/v2\/media\/136"}],"wp:attachment":[{"href":"https:\/\/nuttyscientists.com\/cdmx\/wp-json\/wp\/v2\/media?parent=17"}],"curies":[{"name":"wp","href":"https:\/\/api.w.org\/{rel}","templated":true}]}}